{"id":1679,"date":"2025-09-22T15:53:24","date_gmt":"2025-09-22T13:53:24","guid":{"rendered":"https:\/\/centrazensudgrenoble.com\/?post_type=product&#038;p=1679"},"modified":"2025-09-22T15:53:24","modified_gmt":"2025-09-22T13:53:24","slug":"bracelet-agate-grise-saphir-a-facettes-perles-10-mm","status":"publish","type":"product","link":"https:\/\/centrazensudgrenoble.com\/index.php\/produit\/bracelet-agate-grise-saphir-a-facettes-perles-10-mm\/","title":{"rendered":"Bracelet Agate Grise &#038; Saphir \u00e0 Facettes \u2013 Perles 10 mm"},"content":{"rendered":"<p data-start=\"129\" data-end=\"392\">Raffin\u00e9 et puissant, ce bracelet associe la <strong data-start=\"173\" data-end=\"214\">douceur \u00e9quilibrante de l\u2019agate grise<\/strong> \u00e0 l\u2019<strong data-start=\"219\" data-end=\"246\">\u00e9nergie noble du saphir<\/strong>. Les perles de 10 mm, sublim\u00e9es par les reflets des facettes du saphir, en font un bijou \u00e9l\u00e9gant qui allie esth\u00e9tique et bien-\u00eatre \u00e9nerg\u00e9tique.<\/p>\n<h4 data-start=\"394\" data-end=\"430\">\ud83c\udf11 Bienfaits de l\u2019Agate Grise<\/h4>\n<ul data-start=\"431\" data-end=\"609\">\n<li data-start=\"431\" data-end=\"484\">\n<p data-start=\"433\" data-end=\"484\">Pierre de <strong data-start=\"443\" data-end=\"481\">calme et de stabilit\u00e9 \u00e9motionnelle<\/strong>.<\/p>\n<\/li>\n<li data-start=\"485\" data-end=\"540\">\n<p data-start=\"487\" data-end=\"540\">Aide \u00e0 apaiser le stress et \u00e0 cultiver la s\u00e9r\u00e9nit\u00e9.<\/p>\n<\/li>\n<li data-start=\"541\" data-end=\"609\">\n<p data-start=\"543\" data-end=\"609\">Favorise l\u2019\u00e9quilibre int\u00e9rieur et l\u2019harmonie dans les relations.<\/p>\n<\/li>\n<\/ul>\n<h4 data-start=\"611\" data-end=\"640\">\ud83d\udd39 Bienfaits du Saphir<\/h4>\n<ul data-start=\"641\" data-end=\"828\">\n<li data-start=\"641\" data-end=\"713\">\n<p data-start=\"643\" data-end=\"713\">Pierre de <strong data-start=\"653\" data-end=\"677\">sagesse et de v\u00e9rit\u00e9<\/strong>, elle stimule la clart\u00e9 d\u2019esprit.<\/p>\n<\/li>\n<li data-start=\"714\" data-end=\"768\">\n<p data-start=\"716\" data-end=\"768\">Encourage la concentration et la confiance en soi.<\/p>\n<\/li>\n<li data-start=\"769\" data-end=\"828\">\n<p data-start=\"771\" data-end=\"828\">Prot\u00e8ge des \u00e9nergies n\u00e9gatives et attire la prosp\u00e9rit\u00e9.<\/p>\n<\/li>\n<\/ul>\n<h4 data-start=\"830\" data-end=\"870\">\ud83c\udf1f Pourquoi choisir ce bracelet ?<\/h4>\n<ul data-start=\"871\" data-end=\"1100\">\n<li data-start=\"871\" data-end=\"934\">\n<p data-start=\"873\" data-end=\"934\">Un design \u00e9l\u00e9gant et intemporel gr\u00e2ce aux perles facett\u00e9es.<\/p>\n<\/li>\n<li data-start=\"935\" data-end=\"990\">\n<p data-start=\"937\" data-end=\"990\">Allie <strong data-start=\"943\" data-end=\"987\">\u00e9quilibre \u00e9motionnel et force int\u00e9rieure<\/strong>.<\/p>\n<\/li>\n<li data-start=\"991\" data-end=\"1100\">\n<p data-start=\"993\" data-end=\"1100\">Convient parfaitement \u00e0 ceux qui recherchent un bijou \u00e0 la fois esth\u00e9tique et porteur de belles \u00e9nergies.<\/p>\n<\/li>\n<\/ul>\n<p data-start=\"1102\" data-end=\"1176\">\ud83d\udc49 Plus qu\u2019un bracelet, un v\u00e9ritable <strong data-start=\"1139\" data-end=\"1173\">alli\u00e9 d\u2019harmonie et de sagesse<\/strong>.<\/p>\n","protected":false},"excerpt":{"rendered":"<p>Un bijou d\u2019\u00e9quilibre et de noblesse<\/p>\n","protected":false},"featured_media":1684,"comment_status":"open","ping_status":"closed","template":"","meta":{"_uag_custom_page_level_css":"","_swt_meta_header_display":false,"_swt_meta_footer_display":false,"_swt_meta_site_title_display":false,"_swt_meta_sticky_header":false,"_swt_meta_transparent_header":false},"product_brand":[29],"product_cat":[28],"product_tag":[58,77,79,78,80],"class_list":{"0":"post-1679","1":"product","2":"type-product","3":"status-publish","4":"has-post-thumbnail","6":"product_brand-centrazen","7":"product_cat-bracelet","8":"product_tag-agate","9":"product_tag-equilibre","10":"product_tag-femme","11":"product_tag-noblesse","12":"product_tag-saphir","14":"first","15":"instock","16":"taxable","17":"shipping-taxable","18":"purchasable","19":"product-type-variable"},"uagb_featured_image_src":{"full":["https:\/\/centrazensudgrenoble.com\/wp-content\/uploads\/2025\/09\/1758543279241.webp",921,645,false],"thumbnail":["https:\/\/centrazensudgrenoble.com\/wp-content\/uploads\/2025\/09\/1758543279241-150x150.webp",150,150,true],"medium":["https:\/\/centrazensudgrenoble.com\/wp-content\/uploads\/2025\/09\/1758543279241-300x210.webp",300,210,true],"medium_large":["https:\/\/centrazensudgrenoble.com\/wp-content\/uploads\/2025\/09\/1758543279241-768x538.webp",768,538,true],"large":["https:\/\/centrazensudgrenoble.com\/wp-content\/uploads\/2025\/09\/1758543279241.webp",921,645,false],"1536x1536":["https:\/\/centrazensudgrenoble.com\/wp-content\/uploads\/2025\/09\/1758543279241.webp",921,645,false],"2048x2048":["https:\/\/centrazensudgrenoble.com\/wp-content\/uploads\/2025\/09\/1758543279241.webp",921,645,false],"woocommerce_thumbnail":["https:\/\/centrazensudgrenoble.com\/wp-content\/uploads\/2025\/09\/1758543279241-300x300.webp",300,300,true],"woocommerce_single":["https:\/\/centrazensudgrenoble.com\/wp-content\/uploads\/2025\/09\/1758543279241-600x420.webp",600,420,true],"woocommerce_gallery_thumbnail":["https:\/\/centrazensudgrenoble.com\/wp-content\/uploads\/2025\/09\/1758543279241-100x100.webp",100,100,true]},"uagb_author_info":{"display_name":"admin9646","author_link":"https:\/\/centrazensudgrenoble.com\/index.php\/author\/"},"uagb_comment_info":0,"uagb_excerpt":"Un bijou d\u2019\u00e9quilibre et de noblesse","_links":{"self":[{"href":"https:\/\/centrazensudgrenoble.com\/index.php\/wp-json\/wp\/v2\/product\/1679","targetHints":{"allow":["GET"]}}],"collection":[{"href":"https:\/\/centrazensudgrenoble.com\/index.php\/wp-json\/wp\/v2\/product"}],"about":[{"href":"https:\/\/centrazensudgrenoble.com\/index.php\/wp-json\/wp\/v2\/types\/product"}],"replies":[{"embeddable":true,"href":"https:\/\/centrazensudgrenoble.com\/index.php\/wp-json\/wp\/v2\/comments?post=1679"}],"wp:featuredmedia":[{"embeddable":true,"href":"https:\/\/centrazensudgrenoble.com\/index.php\/wp-json\/wp\/v2\/media\/1684"}],"wp:attachment":[{"href":"https:\/\/centrazensudgrenoble.com\/index.php\/wp-json\/wp\/v2\/media?parent=1679"}],"wp:term":[{"taxonomy":"product_brand","embeddable":true,"href":"https:\/\/centrazensudgrenoble.com\/index.php\/wp-json\/wp\/v2\/product_brand?post=1679"},{"taxonomy":"product_cat","embeddable":true,"href":"https:\/\/centrazensudgrenoble.com\/index.php\/wp-json\/wp\/v2\/product_cat?post=1679"},{"taxonomy":"product_tag","embeddable":true,"href":"https:\/\/centrazensudgrenoble.com\/index.php\/wp-json\/wp\/v2\/product_tag?post=1679"}],"curies":[{"name":"wp","href":"https:\/\/api.w.org\/{rel}","templated":true}]}}