{"id":1662,"date":"2025-09-22T15:31:25","date_gmt":"2025-09-22T13:31:25","guid":{"rendered":"https:\/\/centrazensudgrenoble.com\/?post_type=product&#038;p=1662"},"modified":"2025-09-22T15:34:16","modified_gmt":"2025-09-22T13:34:16","slug":"bracelet-sodalite-hematite-perles-10-mm","status":"publish","type":"product","link":"https:\/\/centrazensudgrenoble.com\/index.php\/produit\/bracelet-sodalite-hematite-perles-10-mm\/","title":{"rendered":"Bracelet Sodalite &#038; H\u00e9matite \u2013 Perles 10 mm"},"content":{"rendered":"<p data-start=\"123\" data-end=\"372\">\u00c9l\u00e9gant et viril, ce bracelet associe la <strong data-start=\"164\" data-end=\"176\">sodalite<\/strong>, pierre de clart\u00e9 et de confiance, \u00e0 l\u2019<strong data-start=\"216\" data-end=\"228\">h\u00e9matite<\/strong>, pierre d\u2019ancrage et de force. Avec ses perles de 10 mm, il affirme un style puissant tout en diffusant des \u00e9nergies b\u00e9n\u00e9fiques au quotidien.<\/p>\n<h4 data-start=\"374\" data-end=\"408\">\ud83d\udd37 Bienfaits de la Sodalite<\/h4>\n<ul data-start=\"409\" data-end=\"632\">\n<li data-start=\"409\" data-end=\"493\">\n<p data-start=\"411\" data-end=\"493\">Pierre de <strong data-start=\"421\" data-end=\"454\">clart\u00e9 mentale et d\u2019intuition<\/strong>, elle aide \u00e0 structurer les pens\u00e9es.<\/p>\n<\/li>\n<li data-start=\"494\" data-end=\"563\">\n<p data-start=\"496\" data-end=\"563\">Favorise la <strong data-start=\"508\" data-end=\"528\">confiance en soi<\/strong> et la communication authentique.<\/p>\n<\/li>\n<li data-start=\"564\" data-end=\"632\">\n<p data-start=\"566\" data-end=\"632\">Apporte calme int\u00e9rieur et s\u00e9r\u00e9nit\u00e9 dans les prises de d\u00e9cision.<\/p>\n<\/li>\n<\/ul>\n<h4 data-start=\"634\" data-end=\"667\">\u2692\ufe0f Bienfaits de l\u2019H\u00e9matite<\/h4>\n<ul data-start=\"668\" data-end=\"841\">\n<li data-start=\"668\" data-end=\"720\">\n<p data-start=\"670\" data-end=\"720\">Pierre de <strong data-start=\"680\" data-end=\"717\">force, d\u2019ancrage et de protection<\/strong>.<\/p>\n<\/li>\n<li data-start=\"721\" data-end=\"800\">\n<p data-start=\"723\" data-end=\"800\">Aide \u00e0 garder les pieds sur terre et \u00e0 renforcer la stabilit\u00e9 \u00e9motionnelle.<\/p>\n<\/li>\n<li data-start=\"801\" data-end=\"841\">\n<p data-start=\"803\" data-end=\"841\">Stimule la vitalit\u00e9 et le dynamisme.<\/p>\n<\/li>\n<\/ul>\n<h4 data-start=\"843\" data-end=\"883\">\ud83c\udf1f Pourquoi choisir ce bracelet ?<\/h4>\n<ul data-start=\"884\" data-end=\"1071\">\n<li data-start=\"884\" data-end=\"956\">\n<p data-start=\"886\" data-end=\"956\">Design masculin et affirm\u00e9, id\u00e9al pour un style \u00e9l\u00e9gant et puissant.<\/p>\n<\/li>\n<li data-start=\"957\" data-end=\"1010\">\n<p data-start=\"959\" data-end=\"1010\">Allie <strong data-start=\"965\" data-end=\"1007\">confiance, ancrage et \u00e9nergie positive<\/strong>.<\/p>\n<\/li>\n<li data-start=\"1011\" data-end=\"1071\">\n<p data-start=\"1013\" data-end=\"1071\">Un bijou qui refl\u00e8te la force int\u00e9rieure et la s\u00e9r\u00e9nit\u00e9.<\/p>\n<\/li>\n<\/ul>\n<p data-start=\"1073\" data-end=\"1193\">\ud83d\udc49 Plus qu\u2019un simple accessoire, un bracelet qui symbolise <strong data-start=\"1132\" data-end=\"1190\">l\u2019\u00e9quilibre entre esprit clair et puissance int\u00e9rieure<\/strong>.<\/p>\n","protected":false},"excerpt":{"rendered":"<p>L\u2019\u00e9l\u00e9gance au service de la puissance<\/p>\n","protected":false},"featured_media":1669,"comment_status":"open","ping_status":"closed","template":"","meta":{"_uag_custom_page_level_css":"","_swt_meta_header_display":false,"_swt_meta_footer_display":false,"_swt_meta_site_title_display":false,"_swt_meta_sticky_header":false,"_swt_meta_transparent_header":false},"product_brand":[29],"product_cat":[28],"product_tag":[50,68,73,62,74],"class_list":{"0":"post-1662","1":"product","2":"type-product","3":"status-publish","4":"has-post-thumbnail","6":"product_brand-centrazen","7":"product_cat-bracelet","8":"product_tag-ancrage","9":"product_tag-confiance-en-soi","10":"product_tag-hematite","11":"product_tag-homme","12":"product_tag-sodalite","14":"first","15":"instock","16":"taxable","17":"shipping-taxable","18":"purchasable","19":"product-type-variable"},"uagb_featured_image_src":{"full":["https:\/\/centrazensudgrenoble.com\/wp-content\/uploads\/2025\/09\/1758543278372-1.webp",600,637,false],"thumbnail":["https:\/\/centrazensudgrenoble.com\/wp-content\/uploads\/2025\/09\/1758543278372-1-150x150.webp",150,150,true],"medium":["https:\/\/centrazensudgrenoble.com\/wp-content\/uploads\/2025\/09\/1758543278372-1-283x300.webp",283,300,true],"medium_large":["https:\/\/centrazensudgrenoble.com\/wp-content\/uploads\/2025\/09\/1758543278372-1.webp",600,637,false],"large":["https:\/\/centrazensudgrenoble.com\/wp-content\/uploads\/2025\/09\/1758543278372-1.webp",600,637,false],"1536x1536":["https:\/\/centrazensudgrenoble.com\/wp-content\/uploads\/2025\/09\/1758543278372-1.webp",600,637,false],"2048x2048":["https:\/\/centrazensudgrenoble.com\/wp-content\/uploads\/2025\/09\/1758543278372-1.webp",600,637,false],"woocommerce_thumbnail":["https:\/\/centrazensudgrenoble.com\/wp-content\/uploads\/2025\/09\/1758543278372-1-300x300.webp",300,300,true],"woocommerce_single":["https:\/\/centrazensudgrenoble.com\/wp-content\/uploads\/2025\/09\/1758543278372-1.webp",600,637,false],"woocommerce_gallery_thumbnail":["https:\/\/centrazensudgrenoble.com\/wp-content\/uploads\/2025\/09\/1758543278372-1-100x100.webp",100,100,true]},"uagb_author_info":{"display_name":"admin9646","author_link":"https:\/\/centrazensudgrenoble.com\/index.php\/author\/"},"uagb_comment_info":0,"uagb_excerpt":"L\u2019\u00e9l\u00e9gance au service de la puissance","_links":{"self":[{"href":"https:\/\/centrazensudgrenoble.com\/index.php\/wp-json\/wp\/v2\/product\/1662","targetHints":{"allow":["GET"]}}],"collection":[{"href":"https:\/\/centrazensudgrenoble.com\/index.php\/wp-json\/wp\/v2\/product"}],"about":[{"href":"https:\/\/centrazensudgrenoble.com\/index.php\/wp-json\/wp\/v2\/types\/product"}],"replies":[{"embeddable":true,"href":"https:\/\/centrazensudgrenoble.com\/index.php\/wp-json\/wp\/v2\/comments?post=1662"}],"wp:featuredmedia":[{"embeddable":true,"href":"https:\/\/centrazensudgrenoble.com\/index.php\/wp-json\/wp\/v2\/media\/1669"}],"wp:attachment":[{"href":"https:\/\/centrazensudgrenoble.com\/index.php\/wp-json\/wp\/v2\/media?parent=1662"}],"wp:term":[{"taxonomy":"product_brand","embeddable":true,"href":"https:\/\/centrazensudgrenoble.com\/index.php\/wp-json\/wp\/v2\/product_brand?post=1662"},{"taxonomy":"product_cat","embeddable":true,"href":"https:\/\/centrazensudgrenoble.com\/index.php\/wp-json\/wp\/v2\/product_cat?post=1662"},{"taxonomy":"product_tag","embeddable":true,"href":"https:\/\/centrazensudgrenoble.com\/index.php\/wp-json\/wp\/v2\/product_tag?post=1662"}],"curies":[{"name":"wp","href":"https:\/\/api.w.org\/{rel}","templated":true}]}}