{"id":1569,"date":"2025-09-03T15:40:10","date_gmt":"2025-09-03T13:40:10","guid":{"rendered":"https:\/\/centrazensudgrenoble.com\/?post_type=product&#038;p=1569"},"modified":"2025-09-03T15:41:23","modified_gmt":"2025-09-03T13:41:23","slug":"1569","status":"publish","type":"product","link":"https:\/\/centrazensudgrenoble.com\/index.php\/produit\/1569\/","title":{"rendered":"Bracelet Pierre de Lave &#038; Pierre de Lave couleur M\u00e9tal \u2013 Perles 10 mm"},"content":{"rendered":"<p data-start=\"120\" data-end=\"429\">Alliant <strong data-start=\"128\" data-end=\"153\">authenticit\u00e9 min\u00e9rale<\/strong> et <strong data-start=\"157\" data-end=\"183\">\u00e9l\u00e9gance contemporaine<\/strong>, ce bracelet en perles de pierre de lave et aux couleurs m\u00e9talliques est \u00e0 la fois sobre et puissant. Les perles de 10 mm offrent une pr\u00e9sence affirm\u00e9e, id\u00e9ale pour un style moderne tout en b\u00e9n\u00e9ficiant des vertus naturelles de la pierre volcanique.<\/p>\n<h4 data-start=\"431\" data-end=\"471\">\ud83d\udd25 Bienfaits de la Pierre de Lave<\/h4>\n<ul data-start=\"472\" data-end=\"847\">\n<li data-start=\"472\" data-end=\"562\">\n<p data-start=\"474\" data-end=\"562\">Pierre d\u2019<strong data-start=\"483\" data-end=\"510\">ancrage et de stabilit\u00e9<\/strong>, elle aide \u00e0 rester connect\u00e9 \u00e0 l\u2019instant pr\u00e9sent.<\/p>\n<\/li>\n<li data-start=\"563\" data-end=\"612\">\n<p data-start=\"565\" data-end=\"612\">Apporte <strong data-start=\"573\" data-end=\"609\">force, courage et \u00e9nergie vitale<\/strong>.<\/p>\n<\/li>\n<li data-start=\"613\" data-end=\"689\">\n<p data-start=\"615\" data-end=\"689\">Favorise la lib\u00e9ration des tensions et un meilleur \u00e9quilibre \u00e9motionnel.<\/p>\n<\/li>\n<li data-start=\"690\" data-end=\"847\">\n<p data-start=\"692\" data-end=\"847\">Ses pores naturels peuvent \u00eatre utilis\u00e9s pour diffuser quelques gouttes d\u2019<strong data-start=\"766\" data-end=\"789\">huiles essentielles<\/strong>, transformant ainsi le bracelet en bijou aromath\u00e9rapie.<\/p>\n<\/li>\n<\/ul>\n<h4 data-start=\"849\" data-end=\"889\">\ud83c\udf1f Pourquoi choisir ce bracelet ?<\/h4>\n<ul data-start=\"890\" data-end=\"1103\">\n<li data-start=\"890\" data-end=\"948\">\n<p data-start=\"892\" data-end=\"948\">Design masculin et tendance avec ses touches de m\u00e9tal.<\/p>\n<\/li>\n<li data-start=\"949\" data-end=\"1005\">\n<p data-start=\"951\" data-end=\"1005\">Un bijou alliant <strong data-start=\"968\" data-end=\"1002\">style et bien-\u00eatre \u00e9nerg\u00e9tique<\/strong>.<\/p>\n<\/li>\n<li data-start=\"1006\" data-end=\"1103\">\n<p data-start=\"1008\" data-end=\"1103\">Parfait pour ceux qui recherchent un bracelet \u00e0 la fois <strong data-start=\"1064\" data-end=\"1100\">\u00e9l\u00e9gant, puissant et fonctionnel<\/strong>.<\/p>\n<\/li>\n<\/ul>\n<p data-start=\"1105\" data-end=\"1188\">\ud83d\udc49 Un accessoire intemporel qui unit <strong data-start=\"1142\" data-end=\"1185\">force volcanique et raffinement moderne<\/strong>.<\/p>\n","protected":false},"excerpt":{"rendered":"<p>Un bracelet \u00e0 la fois <strong data-start=\"1064\" data-end=\"1100\">\u00e9l\u00e9gant, puissant et fonctionnel<\/strong>.<\/p>\n","protected":false},"featured_media":1570,"comment_status":"open","ping_status":"closed","template":"","meta":{"_uag_custom_page_level_css":"","_swt_meta_header_display":false,"_swt_meta_footer_display":false,"_swt_meta_site_title_display":false,"_swt_meta_sticky_header":false,"_swt_meta_transparent_header":false},"product_brand":[29],"product_cat":[28],"product_tag":[69,63,62],"class_list":{"0":"post-1569","1":"product","2":"type-product","3":"status-publish","4":"has-post-thumbnail","6":"product_brand-centrazen","7":"product_cat-bracelet","8":"product_tag-courage","9":"product_tag-force","10":"product_tag-homme","12":"first","13":"instock","14":"taxable","15":"shipping-taxable","16":"purchasable","17":"product-type-variable"},"uagb_featured_image_src":{"full":["https:\/\/centrazensudgrenoble.com\/wp-content\/uploads\/2025\/09\/DSC04545-scaled.webp",2560,1707,false],"thumbnail":["https:\/\/centrazensudgrenoble.com\/wp-content\/uploads\/2025\/09\/DSC04545-scaled.webp",150,100,false],"medium":["https:\/\/centrazensudgrenoble.com\/wp-content\/uploads\/2025\/09\/DSC04545-scaled.webp",300,200,false],"medium_large":["https:\/\/centrazensudgrenoble.com\/wp-content\/uploads\/2025\/09\/DSC04545-scaled.webp",768,512,false],"large":["https:\/\/centrazensudgrenoble.com\/wp-content\/uploads\/2025\/09\/DSC04545-scaled.webp",1024,683,false],"1536x1536":["https:\/\/centrazensudgrenoble.com\/wp-content\/uploads\/2025\/09\/DSC04545-scaled.webp",1536,1024,false],"2048x2048":["https:\/\/centrazensudgrenoble.com\/wp-content\/uploads\/2025\/09\/DSC04545-scaled.webp",2048,1366,false],"woocommerce_thumbnail":["https:\/\/centrazensudgrenoble.com\/wp-content\/uploads\/2025\/09\/DSC04545-scaled-300x300.webp",300,300,true],"woocommerce_single":["https:\/\/centrazensudgrenoble.com\/wp-content\/uploads\/2025\/09\/DSC04545-scaled.webp",600,400,false],"woocommerce_gallery_thumbnail":["https:\/\/centrazensudgrenoble.com\/wp-content\/uploads\/2025\/09\/DSC04545-scaled-100x100.webp",100,100,true]},"uagb_author_info":{"display_name":"admin9646","author_link":"https:\/\/centrazensudgrenoble.com\/index.php\/author\/"},"uagb_comment_info":0,"uagb_excerpt":"Un bracelet \u00e0 la fois \u00e9l\u00e9gant, puissant et fonctionnel.","_links":{"self":[{"href":"https:\/\/centrazensudgrenoble.com\/index.php\/wp-json\/wp\/v2\/product\/1569","targetHints":{"allow":["GET"]}}],"collection":[{"href":"https:\/\/centrazensudgrenoble.com\/index.php\/wp-json\/wp\/v2\/product"}],"about":[{"href":"https:\/\/centrazensudgrenoble.com\/index.php\/wp-json\/wp\/v2\/types\/product"}],"replies":[{"embeddable":true,"href":"https:\/\/centrazensudgrenoble.com\/index.php\/wp-json\/wp\/v2\/comments?post=1569"}],"wp:featuredmedia":[{"embeddable":true,"href":"https:\/\/centrazensudgrenoble.com\/index.php\/wp-json\/wp\/v2\/media\/1570"}],"wp:attachment":[{"href":"https:\/\/centrazensudgrenoble.com\/index.php\/wp-json\/wp\/v2\/media?parent=1569"}],"wp:term":[{"taxonomy":"product_brand","embeddable":true,"href":"https:\/\/centrazensudgrenoble.com\/index.php\/wp-json\/wp\/v2\/product_brand?post=1569"},{"taxonomy":"product_cat","embeddable":true,"href":"https:\/\/centrazensudgrenoble.com\/index.php\/wp-json\/wp\/v2\/product_cat?post=1569"},{"taxonomy":"product_tag","embeddable":true,"href":"https:\/\/centrazensudgrenoble.com\/index.php\/wp-json\/wp\/v2\/product_tag?post=1569"}],"curies":[{"name":"wp","href":"https:\/\/api.w.org\/{rel}","templated":true}]}}