{"id":1555,"date":"2025-09-03T15:13:25","date_gmt":"2025-09-03T13:13:25","guid":{"rendered":"https:\/\/centrazensudgrenoble.com\/?post_type=product&#038;p=1555"},"modified":"2025-09-03T15:13:25","modified_gmt":"2025-09-03T13:13:25","slug":"bracelet-obsidienne-gold-noir-mat-perles-10-mm","status":"publish","type":"product","link":"https:\/\/centrazensudgrenoble.com\/index.php\/produit\/bracelet-obsidienne-gold-noir-mat-perles-10-mm\/","title":{"rendered":"Bracelet Obsidienne Gold \u2013 Noir Mat, Perles 10 mm"},"content":{"rendered":"<p data-start=\"123\" data-end=\"368\">Sobre et raffin\u00e9, ce bracelet en <strong data-start=\"156\" data-end=\"184\">obsidienne gold noir mat<\/strong> associe \u00e9l\u00e9gance et puissance \u00e9nerg\u00e9tique. Avec ses perles de 10 mm, il se distingue par son aspect naturel et sa profondeur, faisant de lui un bijou aussi protecteur qu\u2019esth\u00e9tique.<\/p>\n<h4 data-start=\"370\" data-end=\"418\">\u2728 Bienfaits de l\u2019Obsidienne Gold Noir Mat<\/h4>\n<ul data-start=\"419\" data-end=\"715\">\n<li data-start=\"419\" data-end=\"507\">\n<p data-start=\"421\" data-end=\"507\">Pierre de <strong data-start=\"431\" data-end=\"458\">protection et d\u2019ancrage<\/strong>, elle aide \u00e0 repousser les \u00e9nergies n\u00e9gatives.<\/p>\n<\/li>\n<li data-start=\"508\" data-end=\"574\">\n<p data-start=\"510\" data-end=\"574\">Favorise la <strong data-start=\"522\" data-end=\"548\">stabilit\u00e9 \u00e9motionnelle<\/strong> et la force int\u00e9rieure.<\/p>\n<\/li>\n<li data-start=\"575\" data-end=\"644\">\n<p data-start=\"577\" data-end=\"644\">Aide \u00e0 d\u00e9passer les blocages et \u00e0 avancer avec plus de confiance.<\/p>\n<\/li>\n<li data-start=\"645\" data-end=\"715\">\n<p data-start=\"647\" data-end=\"715\">Encourage la <strong data-start=\"660\" data-end=\"671\">sagesse<\/strong> et une vision plus claire des situations.<\/p>\n<\/li>\n<\/ul>\n<h4 data-start=\"717\" data-end=\"757\">\ud83c\udf1f Pourquoi choisir ce bracelet ?<\/h4>\n<ul data-start=\"758\" data-end=\"940\">\n<li data-start=\"758\" data-end=\"819\">\n<p data-start=\"760\" data-end=\"819\">Design masculin et \u00e9l\u00e9gant, facile \u00e0 porter au quotidien.<\/p>\n<\/li>\n<li data-start=\"820\" data-end=\"876\">\n<p data-start=\"822\" data-end=\"876\">Allie <strong data-start=\"828\" data-end=\"873\">protection, \u00e9quilibre et \u00e9nergie positive<\/strong>.<\/p>\n<\/li>\n<li data-start=\"877\" data-end=\"940\">\n<p data-start=\"879\" data-end=\"940\">Convient aussi bien pour un usage esth\u00e9tique que spirituel.<\/p>\n<\/li>\n<\/ul>\n<p data-start=\"942\" data-end=\"1041\">\ud83d\udc49 Un bracelet puissant pour ceux qui recherchent <strong data-start=\"992\" data-end=\"1038\">ancrage, s\u00e9r\u00e9nit\u00e9 et \u00e9l\u00e9gance intemporelle<\/strong>.<\/p>\n","protected":false},"excerpt":{"rendered":"<p>La force et l\u2019\u00e9l\u00e9gance en un seul bijou.<\/p>\n","protected":false},"featured_media":1561,"comment_status":"open","ping_status":"closed","template":"","meta":{"_uag_custom_page_level_css":"","_swt_meta_header_display":false,"_swt_meta_footer_display":false,"_swt_meta_site_title_display":false,"_swt_meta_sticky_header":false,"_swt_meta_transparent_header":false},"product_brand":[29],"product_cat":[28],"product_tag":[50,64,63,62],"class_list":{"0":"post-1555","1":"product","2":"type-product","3":"status-publish","4":"has-post-thumbnail","6":"product_brand-centrazen","7":"product_cat-bracelet","8":"product_tag-ancrage","9":"product_tag-elegance","10":"product_tag-force","11":"product_tag-homme","13":"first","14":"instock","15":"taxable","16":"shipping-taxable","17":"purchasable","18":"product-type-variable"},"uagb_featured_image_src":{"full":["https:\/\/centrazensudgrenoble.com\/wp-content\/uploads\/2025\/09\/DSC04527-1.webp",1754,1824,false],"thumbnail":["https:\/\/centrazensudgrenoble.com\/wp-content\/uploads\/2025\/09\/DSC04527-1-150x150.webp",150,150,true],"medium":["https:\/\/centrazensudgrenoble.com\/wp-content\/uploads\/2025\/09\/DSC04527-1-288x300.webp",288,300,true],"medium_large":["https:\/\/centrazensudgrenoble.com\/wp-content\/uploads\/2025\/09\/DSC04527-1-768x799.webp",768,799,true],"large":["https:\/\/centrazensudgrenoble.com\/wp-content\/uploads\/2025\/09\/DSC04527-1-985x1024.webp",985,1024,true],"1536x1536":["https:\/\/centrazensudgrenoble.com\/wp-content\/uploads\/2025\/09\/DSC04527-1-1477x1536.webp",1477,1536,true],"2048x2048":["https:\/\/centrazensudgrenoble.com\/wp-content\/uploads\/2025\/09\/DSC04527-1.webp",1754,1824,false],"woocommerce_thumbnail":["https:\/\/centrazensudgrenoble.com\/wp-content\/uploads\/2025\/09\/DSC04527-1-300x300.webp",300,300,true],"woocommerce_single":["https:\/\/centrazensudgrenoble.com\/wp-content\/uploads\/2025\/09\/DSC04527-1-600x624.webp",600,624,true],"woocommerce_gallery_thumbnail":["https:\/\/centrazensudgrenoble.com\/wp-content\/uploads\/2025\/09\/DSC04527-1-100x100.webp",100,100,true]},"uagb_author_info":{"display_name":"admin9646","author_link":"https:\/\/centrazensudgrenoble.com\/index.php\/author\/"},"uagb_comment_info":0,"uagb_excerpt":"La force et l\u2019\u00e9l\u00e9gance en un seul bijou.","_links":{"self":[{"href":"https:\/\/centrazensudgrenoble.com\/index.php\/wp-json\/wp\/v2\/product\/1555","targetHints":{"allow":["GET"]}}],"collection":[{"href":"https:\/\/centrazensudgrenoble.com\/index.php\/wp-json\/wp\/v2\/product"}],"about":[{"href":"https:\/\/centrazensudgrenoble.com\/index.php\/wp-json\/wp\/v2\/types\/product"}],"replies":[{"embeddable":true,"href":"https:\/\/centrazensudgrenoble.com\/index.php\/wp-json\/wp\/v2\/comments?post=1555"}],"wp:featuredmedia":[{"embeddable":true,"href":"https:\/\/centrazensudgrenoble.com\/index.php\/wp-json\/wp\/v2\/media\/1561"}],"wp:attachment":[{"href":"https:\/\/centrazensudgrenoble.com\/index.php\/wp-json\/wp\/v2\/media?parent=1555"}],"wp:term":[{"taxonomy":"product_brand","embeddable":true,"href":"https:\/\/centrazensudgrenoble.com\/index.php\/wp-json\/wp\/v2\/product_brand?post=1555"},{"taxonomy":"product_cat","embeddable":true,"href":"https:\/\/centrazensudgrenoble.com\/index.php\/wp-json\/wp\/v2\/product_cat?post=1555"},{"taxonomy":"product_tag","embeddable":true,"href":"https:\/\/centrazensudgrenoble.com\/index.php\/wp-json\/wp\/v2\/product_tag?post=1555"}],"curies":[{"name":"wp","href":"https:\/\/api.w.org\/{rel}","templated":true}]}}