{"id":1492,"date":"2025-08-28T16:18:04","date_gmt":"2025-08-28T14:18:04","guid":{"rendered":"https:\/\/centrazensudgrenoble.com\/?post_type=product&#038;p=1492"},"modified":"2025-08-29T11:22:59","modified_gmt":"2025-08-29T09:22:59","slug":"pack-grossesse","status":"publish","type":"product","link":"https:\/\/centrazensudgrenoble.com\/index.php\/produit\/pack-grossesse\/","title":{"rendered":"Pack Grossesse"},"content":{"rendered":"<p>Vivez votre grossesse en toute s\u00e9r\u00e9nit\u00e9 avec un accompagnement personnalis\u00e9 gr\u00e2ce au\u00a0<strong>Pack Grossesse<\/strong>. Offrez-vous un moment de d\u00e9tente et d\u2019\u00e9quilibre \u00e0 chaque \u00e9tape, pour vous et votre b\u00e9b\u00e9.<\/p>\n<p>Ce pack comprend :<\/p>\n<p><strong>1 s\u00e9ance de shiatsu par mois<\/strong>\u00a0tout au long de la grossesse \u2013 Pour\u00a0r\u00e9duire\u00a0les tensions, am\u00e9liorer le confort et pr\u00e9parer votre corps \u00e0 l\u2019accouchement.<\/p>\n<p><strong>1 s\u00e9ance de shiatsu post-accouchement<\/strong>\u00a0\u2013 Pour soutenir la r\u00e9cup\u00e9ration physique et \u00e9motionnelle apr\u00e8s la naissance.<\/p>\n<p><strong>Un accompagnement bien-\u00eatre sur mesure pour une maternit\u00e9 harmonieuse.<\/strong><\/p>\n<p>Lors de votre prise de rdv, veuillez renseigner le code indiqu\u00e9 sur votre carte cadeau afin de r\u00e9server sans paiement.<\/p>\n<p>Pour les prises de RDV :<\/p>\n\n<script>\n  if (typeof hasAmeliaEntitiesApiCall === 'undefined' && ('' === '' && '' !== '1')) {\n    var hasAmeliaEntitiesApiCall = true;\n  }\n  var ameliaShortcodeData = (typeof ameliaShortcodeData === 'undefined') ? [] : ameliaShortcodeData;\n  ameliaShortcodeData.push(\n    {\n      'hasApiCall': (typeof hasAmeliaEntitiesApiCall !== 'undefined') && hasAmeliaEntitiesApiCall,\n      'trigger': '',\n      'trigger_type': '',\n      'triggered_form': 'cbf',\n      'in_dialog': '',\n      'show': '',\n      'counter': '1000',\n      'package': '',\n      'category': '',\n      'service': '66',\n      'employee': '',\n      'location': '',\n      'categories_hidden': ''\n    }\n  );\n  var ameliaShortcodeDataTriggered = (typeof ameliaShortcodeDataTriggered === 'undefined') ? [] : ameliaShortcodeDataTriggered;\n  if (ameliaShortcodeData[ameliaShortcodeData.length - 1].trigger !== '') {\n    if (ameliaShortcodeDataTriggered.filter(a => a.counter === ameliaShortcodeData[ameliaShortcodeData.length - 1].counter).length === 0) {\n      ameliaShortcodeDataTriggered.push(ameliaShortcodeData.pop());\n    } else {\n      ameliaShortcodeData.pop()\n    }\n  }\n  if (typeof hasAmeliaEntitiesApiCall !== 'undefined' && hasAmeliaEntitiesApiCall) {\n    hasAmeliaEntitiesApiCall = false;\n  }\n<\/script>\n\n<div\n  id=\"amelia-v2-booking-1000\"\n  class=\"amelia-v2-booking\"\n>\n    <catalog-form-wrapper><\/catalog-form-wrapper><\/div>\n\n","protected":false},"excerpt":{"rendered":"<p><b>Pack Grossesse Shiatsu<\/b><\/p>\n<p><strong>\u00a0<\/strong><\/p>\n","protected":false},"featured_media":1497,"comment_status":"open","ping_status":"closed","template":"","meta":{"_uag_custom_page_level_css":"","_swt_meta_header_display":false,"_swt_meta_footer_display":false,"_swt_meta_site_title_display":false,"_swt_meta_sticky_header":false,"_swt_meta_transparent_header":false},"product_brand":[29],"product_cat":[40,41],"product_tag":[43,44,49],"class_list":{"0":"post-1492","1":"product","2":"type-product","3":"status-publish","4":"has-post-thumbnail","6":"product_brand-centrazen","7":"product_cat-carte-cadeaux","8":"product_cat-shiatsu","9":"product_tag-detente","10":"product_tag-douleur","11":"product_tag-grossesse","13":"first","14":"instock","15":"taxable","16":"shipping-taxable","17":"purchasable","18":"product-type-pw-gift-card"},"uagb_featured_image_src":{"full":["https:\/\/centrazensudgrenoble.com\/wp-content\/uploads\/2025\/08\/gc46e11a71934708a3a055060b72684fd4cfa02d94868b8719fc3c74ee08863ef041c385c95638d0814fc3f13dedb6c2ba79835e29568196b804b887422dc3882_1280-2403208.webp",854,1280,false],"thumbnail":["https:\/\/centrazensudgrenoble.com\/wp-content\/uploads\/2025\/08\/gc46e11a71934708a3a055060b72684fd4cfa02d94868b8719fc3c74ee08863ef041c385c95638d0814fc3f13dedb6c2ba79835e29568196b804b887422dc3882_1280-2403208-150x150.webp",150,150,true],"medium":["https:\/\/centrazensudgrenoble.com\/wp-content\/uploads\/2025\/08\/gc46e11a71934708a3a055060b72684fd4cfa02d94868b8719fc3c74ee08863ef041c385c95638d0814fc3f13dedb6c2ba79835e29568196b804b887422dc3882_1280-2403208-200x300.webp",200,300,true],"medium_large":["https:\/\/centrazensudgrenoble.com\/wp-content\/uploads\/2025\/08\/gc46e11a71934708a3a055060b72684fd4cfa02d94868b8719fc3c74ee08863ef041c385c95638d0814fc3f13dedb6c2ba79835e29568196b804b887422dc3882_1280-2403208-768x1151.webp",768,1151,true],"large":["https:\/\/centrazensudgrenoble.com\/wp-content\/uploads\/2025\/08\/gc46e11a71934708a3a055060b72684fd4cfa02d94868b8719fc3c74ee08863ef041c385c95638d0814fc3f13dedb6c2ba79835e29568196b804b887422dc3882_1280-2403208-683x1024.webp",683,1024,true],"1536x1536":["https:\/\/centrazensudgrenoble.com\/wp-content\/uploads\/2025\/08\/gc46e11a71934708a3a055060b72684fd4cfa02d94868b8719fc3c74ee08863ef041c385c95638d0814fc3f13dedb6c2ba79835e29568196b804b887422dc3882_1280-2403208.webp",854,1280,false],"2048x2048":["https:\/\/centrazensudgrenoble.com\/wp-content\/uploads\/2025\/08\/gc46e11a71934708a3a055060b72684fd4cfa02d94868b8719fc3c74ee08863ef041c385c95638d0814fc3f13dedb6c2ba79835e29568196b804b887422dc3882_1280-2403208.webp",854,1280,false],"woocommerce_thumbnail":["https:\/\/centrazensudgrenoble.com\/wp-content\/uploads\/2025\/08\/gc46e11a71934708a3a055060b72684fd4cfa02d94868b8719fc3c74ee08863ef041c385c95638d0814fc3f13dedb6c2ba79835e29568196b804b887422dc3882_1280-2403208-300x300.webp",300,300,true],"woocommerce_single":["https:\/\/centrazensudgrenoble.com\/wp-content\/uploads\/2025\/08\/gc46e11a71934708a3a055060b72684fd4cfa02d94868b8719fc3c74ee08863ef041c385c95638d0814fc3f13dedb6c2ba79835e29568196b804b887422dc3882_1280-2403208-600x899.webp",600,899,true],"woocommerce_gallery_thumbnail":["https:\/\/centrazensudgrenoble.com\/wp-content\/uploads\/2025\/08\/gc46e11a71934708a3a055060b72684fd4cfa02d94868b8719fc3c74ee08863ef041c385c95638d0814fc3f13dedb6c2ba79835e29568196b804b887422dc3882_1280-2403208-100x100.webp",100,100,true]},"uagb_author_info":{"display_name":"admin9646","author_link":"https:\/\/centrazensudgrenoble.com\/index.php\/author\/"},"uagb_comment_info":0,"uagb_excerpt":"Pack Grossesse Shiatsu \u00a0","_links":{"self":[{"href":"https:\/\/centrazensudgrenoble.com\/index.php\/wp-json\/wp\/v2\/product\/1492","targetHints":{"allow":["GET"]}}],"collection":[{"href":"https:\/\/centrazensudgrenoble.com\/index.php\/wp-json\/wp\/v2\/product"}],"about":[{"href":"https:\/\/centrazensudgrenoble.com\/index.php\/wp-json\/wp\/v2\/types\/product"}],"replies":[{"embeddable":true,"href":"https:\/\/centrazensudgrenoble.com\/index.php\/wp-json\/wp\/v2\/comments?post=1492"}],"wp:featuredmedia":[{"embeddable":true,"href":"https:\/\/centrazensudgrenoble.com\/index.php\/wp-json\/wp\/v2\/media\/1497"}],"wp:attachment":[{"href":"https:\/\/centrazensudgrenoble.com\/index.php\/wp-json\/wp\/v2\/media?parent=1492"}],"wp:term":[{"taxonomy":"product_brand","embeddable":true,"href":"https:\/\/centrazensudgrenoble.com\/index.php\/wp-json\/wp\/v2\/product_brand?post=1492"},{"taxonomy":"product_cat","embeddable":true,"href":"https:\/\/centrazensudgrenoble.com\/index.php\/wp-json\/wp\/v2\/product_cat?post=1492"},{"taxonomy":"product_tag","embeddable":true,"href":"https:\/\/centrazensudgrenoble.com\/index.php\/wp-json\/wp\/v2\/product_tag?post=1492"}],"curies":[{"name":"wp","href":"https:\/\/api.w.org\/{rel}","templated":true}]}}