{"id":1484,"date":"2025-08-28T15:49:51","date_gmt":"2025-08-28T13:49:51","guid":{"rendered":"https:\/\/centrazensudgrenoble.com\/?post_type=product&#038;p=1484"},"modified":"2025-12-05T12:58:50","modified_gmt":"2025-12-05T11:58:50","slug":"pack-suivi-3-seances-shiatsu","status":"publish","type":"product","link":"https:\/\/centrazensudgrenoble.com\/index.php\/produit\/pack-suivi-3-seances-shiatsu\/","title":{"rendered":"Pack Suivi : Shiatsu 3 ou 5 s\u00e9ances"},"content":{"rendered":"<p>Pack Suivi 3 s\u00e9ances ou 5 s\u00e9ances espac\u00e9s de 3 semaines .<\/p>\n<p>Lors de votre prise de rdv, veuillez renseigner le code re\u00e7u sur votre carte cadeau afin de r\u00e9server sans paiement.<\/p>\n<p>&nbsp;<\/p>\n<p>Shiatsu est un terme japonais qui signifie &#8220;pression des doigts&#8221;. La technique de Zen shiatsu de S.Masunaga est une approche holistique de l&#8217;\u00eatre.<\/p>\n<p>Il se pratique allong\u00e9 sur futon la plupart du temps. Une tenue confortable de type jogging\/t-shirt est conseill\u00e9e. Une s\u00e9ance dure environ 1h et d\u00e9bute par un bilan \u00e9nerg\u00e9tique permettant de d\u00e9terminer le traitement des m\u00e9ridiens.<\/p>\n<p>Le but recherch\u00e9 est la libre circulation des \u00e9nergies en utilisant la pression des doigts sur le chemin des m\u00e9ridiens. Il permet de retrouver un \u00e9tat d&#8217;\u00e9quilibre et de bien-\u00eatre.<\/p>\n<p>Il permet de r\u00e9duire le\u00a0stress\u00a0et les\u00a0tensions physiques ou psychiques\u00a0(insomnie, d\u00e9prime, maux de t\u00eate, douleurs localis\u00e9s, probl\u00e8mes intestinaux, etc&#8230;)<\/p>\n<p>Il stimule et renforce le\u00a0syst\u00e8me d\u2019autod\u00e9fense\u00a0de l\u2019organisme. Le\u00a0syst\u00e8me \u00e9nerg\u00e9tique\u00a0est \u00e9quilibr\u00e9 dans sa globalit\u00e9.<\/p>\n<p>Pour les prises de RDV :<\/p>\n\n<script>\n  if (typeof hasAmeliaEntitiesApiCall === 'undefined' && ('' === '' && '' !== '1')) {\n    var hasAmeliaEntitiesApiCall = true;\n  }\n  var ameliaShortcodeData = (typeof ameliaShortcodeData === 'undefined') ? [] : ameliaShortcodeData;\n  ameliaShortcodeData.push(\n    {\n      'hasApiCall': (typeof hasAmeliaEntitiesApiCall !== 'undefined') && hasAmeliaEntitiesApiCall,\n      'trigger': '',\n      'trigger_type': '',\n      'triggered_form': 'cbf',\n      'in_dialog': '',\n      'show': '',\n      'counter': '1000',\n      'package': '',\n      'category': '',\n      'service': '61',\n      'employee': '',\n      'location': '',\n      'categories_hidden': ''\n    }\n  );\n  var ameliaShortcodeDataTriggered = (typeof ameliaShortcodeDataTriggered === 'undefined') ? [] : ameliaShortcodeDataTriggered;\n  if (ameliaShortcodeData[ameliaShortcodeData.length - 1].trigger !== '') {\n    if (ameliaShortcodeDataTriggered.filter(a => a.counter === ameliaShortcodeData[ameliaShortcodeData.length - 1].counter).length === 0) {\n      ameliaShortcodeDataTriggered.push(ameliaShortcodeData.pop());\n    } else {\n      ameliaShortcodeData.pop()\n    }\n  }\n  if (typeof hasAmeliaEntitiesApiCall !== 'undefined' && hasAmeliaEntitiesApiCall) {\n    hasAmeliaEntitiesApiCall = false;\n  }\n<\/script>\n\n<div\n  id=\"amelia-v2-booking-1000\"\n  class=\"amelia-v2-booking\"\n>\n    <catalog-form-wrapper><\/catalog-form-wrapper><\/div>\n\n<p>&nbsp;<\/p>\n\n<script>\n  if (typeof hasAmeliaEntitiesApiCall === 'undefined' && ('' === '' && '' !== '1')) {\n    var hasAmeliaEntitiesApiCall = true;\n  }\n  var ameliaShortcodeData = (typeof ameliaShortcodeData === 'undefined') ? [] : ameliaShortcodeData;\n  ameliaShortcodeData.push(\n    {\n      'hasApiCall': (typeof hasAmeliaEntitiesApiCall !== 'undefined') && hasAmeliaEntitiesApiCall,\n      'trigger': '',\n      'trigger_type': '',\n      'triggered_form': 'cbf',\n      'in_dialog': '',\n      'show': '',\n      'counter': '1001',\n      'package': '',\n      'category': '',\n      'service': '62',\n      'employee': '',\n      'location': '',\n      'categories_hidden': ''\n    }\n  );\n  var ameliaShortcodeDataTriggered = (typeof ameliaShortcodeDataTriggered === 'undefined') ? [] : ameliaShortcodeDataTriggered;\n  if (ameliaShortcodeData[ameliaShortcodeData.length - 1].trigger !== '') {\n    if (ameliaShortcodeDataTriggered.filter(a => a.counter === ameliaShortcodeData[ameliaShortcodeData.length - 1].counter).length === 0) {\n      ameliaShortcodeDataTriggered.push(ameliaShortcodeData.pop());\n    } else {\n      ameliaShortcodeData.pop()\n    }\n  }\n  if (typeof hasAmeliaEntitiesApiCall !== 'undefined' && hasAmeliaEntitiesApiCall) {\n    hasAmeliaEntitiesApiCall = false;\n  }\n<\/script>\n\n<div\n  id=\"amelia-v2-booking-1001\"\n  class=\"amelia-v2-booking\"\n>\n    <catalog-form-wrapper><\/catalog-form-wrapper><\/div>\n\n","protected":false},"excerpt":{"rendered":"<p>Pack Suivi 3\u00a0 ou 5 s\u00e9ances Shiatsu.<\/p>\n<p>Attention, le bon cadeau est envoy\u00e9 directement \u00e0 votre b\u00e9n\u00e9ficiaire. Si vous souhaitez lui offrir, pensez \u00e0 noter votre adresse mail.<\/p>\n","protected":false},"featured_media":1180,"comment_status":"open","ping_status":"closed","template":"","meta":{"_uag_custom_page_level_css":"","_swt_meta_header_display":false,"_swt_meta_footer_display":false,"_swt_meta_site_title_display":false,"_swt_meta_sticky_header":false,"_swt_meta_transparent_header":false},"product_brand":[29],"product_cat":[40,41],"product_tag":[44,37,48],"class_list":{"0":"post-1484","1":"product","2":"type-product","3":"status-publish","4":"has-post-thumbnail","6":"product_brand-centrazen","7":"product_cat-carte-cadeaux","8":"product_cat-shiatsu","9":"product_tag-douleur","10":"product_tag-stress","11":"product_tag-suivi","13":"first","14":"instock","15":"taxable","16":"shipping-taxable","17":"purchasable","18":"product-type-pw-gift-card"},"uagb_featured_image_src":{"full":["https:\/\/centrazensudgrenoble.com\/wp-content\/uploads\/2025\/02\/pexels-photo-3822647-3822647-scaled.webp",1707,2560,false],"thumbnail":["https:\/\/centrazensudgrenoble.com\/wp-content\/uploads\/2025\/02\/pexels-photo-3822647-3822647-150x150.jpg",150,150,true],"medium":["https:\/\/centrazensudgrenoble.com\/wp-content\/uploads\/2025\/02\/pexels-photo-3822647-3822647-200x300.jpg",200,300,true],"medium_large":["https:\/\/centrazensudgrenoble.com\/wp-content\/uploads\/2025\/02\/pexels-photo-3822647-3822647-768x1152.jpg",768,1152,true],"large":["https:\/\/centrazensudgrenoble.com\/wp-content\/uploads\/2025\/02\/pexels-photo-3822647-3822647-683x1024.jpg",683,1024,true],"1536x1536":["https:\/\/centrazensudgrenoble.com\/wp-content\/uploads\/2025\/02\/pexels-photo-3822647-3822647-1024x1536.jpg",1024,1536,true],"2048x2048":["https:\/\/centrazensudgrenoble.com\/wp-content\/uploads\/2025\/02\/pexels-photo-3822647-3822647-1365x2048.jpg",1365,2048,true],"woocommerce_thumbnail":["https:\/\/centrazensudgrenoble.com\/wp-content\/uploads\/2025\/02\/pexels-photo-3822647-3822647-scaled-300x300.webp",300,300,true],"woocommerce_single":["https:\/\/centrazensudgrenoble.com\/wp-content\/uploads\/2025\/02\/pexels-photo-3822647-3822647-scaled.webp",600,900,false],"woocommerce_gallery_thumbnail":["https:\/\/centrazensudgrenoble.com\/wp-content\/uploads\/2025\/02\/pexels-photo-3822647-3822647-scaled-100x100.webp",100,100,true]},"uagb_author_info":{"display_name":"admin9646","author_link":"https:\/\/centrazensudgrenoble.com\/index.php\/author\/"},"uagb_comment_info":0,"uagb_excerpt":"Pack Suivi 3\u00a0 ou 5 s\u00e9ances Shiatsu. Attention, le bon cadeau est envoy\u00e9 directement \u00e0 votre b\u00e9n\u00e9ficiaire. Si vous souhaitez lui offrir, pensez \u00e0 noter votre adresse mail.","_links":{"self":[{"href":"https:\/\/centrazensudgrenoble.com\/index.php\/wp-json\/wp\/v2\/product\/1484","targetHints":{"allow":["GET"]}}],"collection":[{"href":"https:\/\/centrazensudgrenoble.com\/index.php\/wp-json\/wp\/v2\/product"}],"about":[{"href":"https:\/\/centrazensudgrenoble.com\/index.php\/wp-json\/wp\/v2\/types\/product"}],"replies":[{"embeddable":true,"href":"https:\/\/centrazensudgrenoble.com\/index.php\/wp-json\/wp\/v2\/comments?post=1484"}],"wp:featuredmedia":[{"embeddable":true,"href":"https:\/\/centrazensudgrenoble.com\/index.php\/wp-json\/wp\/v2\/media\/1180"}],"wp:attachment":[{"href":"https:\/\/centrazensudgrenoble.com\/index.php\/wp-json\/wp\/v2\/media?parent=1484"}],"wp:term":[{"taxonomy":"product_brand","embeddable":true,"href":"https:\/\/centrazensudgrenoble.com\/index.php\/wp-json\/wp\/v2\/product_brand?post=1484"},{"taxonomy":"product_cat","embeddable":true,"href":"https:\/\/centrazensudgrenoble.com\/index.php\/wp-json\/wp\/v2\/product_cat?post=1484"},{"taxonomy":"product_tag","embeddable":true,"href":"https:\/\/centrazensudgrenoble.com\/index.php\/wp-json\/wp\/v2\/product_tag?post=1484"}],"curies":[{"name":"wp","href":"https:\/\/api.w.org\/{rel}","templated":true}]}}