{"id":1463,"date":"2025-08-28T08:24:05","date_gmt":"2025-08-28T06:24:05","guid":{"rendered":"https:\/\/centrazensudgrenoble.com\/?post_type=product&#038;p=1463"},"modified":"2025-08-29T11:22:59","modified_gmt":"2025-08-29T09:22:59","slug":"1463","status":"publish","type":"product","link":"https:\/\/centrazensudgrenoble.com\/index.php\/produit\/1463\/","title":{"rendered":"Shiatsu B\u00e9b\u00e9"},"content":{"rendered":"<p><strong>B\u00e9b\u00e9 (moins de 3 ans)\u00a0<\/strong><\/p>\n<p id=\"h.lq3arz2d0rma\" class=\"zfr3Q CDt4Ke \" dir=\"ltr\"><span class=\"C9DxTc \"><strong>Les Bienfaits du Shiatsu pour les B\u00e9b\u00e9s<\/strong> : <\/span><span class=\"C9DxTc \">Apaisement des inconforts physiques,<\/span><span class=\"C9DxTc \"> soutien au d\u00e9veloppement global, renforcement de l\u2019\u00e9quilibre \u00e9motionnel\u00a0<\/span><\/p>\n<p class=\"zfr3Q CDt4Ke \" dir=\"ltr\"><span class=\"C9DxTc \">Le shiatsu pour b\u00e9b\u00e9 n\u2019est pas seulement un soin, c\u2019est aussi une opportunit\u00e9 pour les parents de cr\u00e9er une connexion intime avec leur enfant. Lors de\u00a0 la s\u00e9ance et en fonction des besoins des b\u00e9b\u00e9s, j&#8217;apprends au parents\u00a0<\/span><span class=\"C9DxTc \">des gestes simples pour prolonger les bienfaits \u00e0 la maison.<\/span><\/p>\n<ul class=\"n8H08c UVNKR \">\n<li class=\"zfr3Q TYR86d eD0Rn \" dir=\"ltr\">\n<p class=\"zfr3Q CDt4Ke \" dir=\"ltr\" role=\"presentation\"><span class=\"C9DxTc \">Les parents peuvent apprendre.<\/span><\/p>\n<\/li>\n<li class=\"zfr3Q TYR86d eD0Rn \" dir=\"ltr\">\n<p class=\"zfr3Q CDt4Ke \" dir=\"ltr\" role=\"presentation\"><span class=\"C9DxTc \">Ces moments renforcent le lien affectif, favorisant une relation empreinte de confiance et de douceur.<\/span><\/p>\n<\/li>\n<\/ul>\n<p id=\"h.e6af56eve21x\" class=\"zfr3Q CDt4Ke \" dir=\"ltr\"><strong><span class=\"C9DxTc \">Quand Proposer le Shiatsu \u00e0 un B\u00e9b\u00e9 ?<\/span><\/strong><\/p>\n<p class=\"zfr3Q CDt4Ke \" dir=\"ltr\"><span class=\"C9DxTc \">Le shiatsu est particuli\u00e8rement b\u00e9n\u00e9fique dans les situations suivantes :<\/span><\/p>\n<ul class=\"n8H08c UVNKR \">\n<li class=\"zfr3Q TYR86d eD0Rn \" dir=\"ltr\">\n<p class=\"zfr3Q CDt4Ke \" dir=\"ltr\" role=\"presentation\"><span class=\"C9DxTc \">Pour soulager les inconforts physiques fr\u00e9quents chez les nourrissons.<\/span><\/p>\n<\/li>\n<li class=\"zfr3Q TYR86d eD0Rn \" dir=\"ltr\">\n<p class=\"zfr3Q CDt4Ke \" dir=\"ltr\" role=\"presentation\"><span class=\"C9DxTc \">Apr\u00e8s une naissance difficile ou m\u00e9dicalis\u00e9e, pour r\u00e9tablir l\u2019harmonie dans le corps.<\/span><\/p>\n<\/li>\n<li class=\"zfr3Q TYR86d eD0Rn \" dir=\"ltr\">\n<p class=\"zfr3Q CDt4Ke \" dir=\"ltr\" role=\"presentation\"><span class=\"C9DxTc \">Pendant des p\u00e9riodes de transition (sevrage, premiers pas, changement de routine).<\/span><\/p>\n<\/li>\n<\/ul>\n<p><strong>S\u00e9ance de shiatsu : 60 \u20ac<\/strong><\/p>\n<p><strong>Pack Suivi 3 s\u00e9ances : 175 \u20ac<\/strong><\/p>\n<p><strong>Pack Confiance : 290 \u20ac<\/strong><\/p>\n\n<script>\n  if (typeof hasAmeliaEntitiesApiCall === 'undefined' && ('' === '' && '' !== '1')) {\n    var hasAmeliaEntitiesApiCall = true;\n  }\n  var ameliaShortcodeData = (typeof ameliaShortcodeData === 'undefined') ? [] : ameliaShortcodeData;\n  ameliaShortcodeData.push(\n    {\n      'hasApiCall': (typeof hasAmeliaEntitiesApiCall !== 'undefined') && hasAmeliaEntitiesApiCall,\n      'trigger': '',\n      'trigger_type': '',\n      'triggered_form': 'cbf',\n      'in_dialog': '',\n      'show': '',\n      'counter': '1000',\n      'package': '',\n      'category': '',\n      'service': '19',\n      'employee': '2',\n      'location': '',\n      'categories_hidden': ''\n    }\n  );\n  var ameliaShortcodeDataTriggered = (typeof ameliaShortcodeDataTriggered === 'undefined') ? [] : ameliaShortcodeDataTriggered;\n  if (ameliaShortcodeData[ameliaShortcodeData.length - 1].trigger !== '') {\n    if (ameliaShortcodeDataTriggered.filter(a => a.counter === ameliaShortcodeData[ameliaShortcodeData.length - 1].counter).length === 0) {\n      ameliaShortcodeDataTriggered.push(ameliaShortcodeData.pop());\n    } else {\n      ameliaShortcodeData.pop()\n    }\n  }\n  if (typeof hasAmeliaEntitiesApiCall !== 'undefined' && hasAmeliaEntitiesApiCall) {\n    hasAmeliaEntitiesApiCall = false;\n  }\n<\/script>\n\n<div\n  id=\"amelia-v2-booking-1000\"\n  class=\"amelia-v2-booking\"\n>\n    <catalog-form-wrapper><\/catalog-form-wrapper><\/div>\n\n<p>&nbsp;<\/p>\n\n<script>\n  if (typeof hasAmeliaEntitiesApiCall === 'undefined' && ('' === '' && '' !== '1')) {\n    var hasAmeliaEntitiesApiCall = true;\n  }\n  var ameliaShortcodeData = (typeof ameliaShortcodeData === 'undefined') ? [] : ameliaShortcodeData;\n  ameliaShortcodeData.push(\n    {\n      'hasApiCall': (typeof hasAmeliaEntitiesApiCall !== 'undefined') && hasAmeliaEntitiesApiCall,\n      'trigger': '',\n      'trigger_type': '',\n      'triggered_form': 'cbf',\n      'in_dialog': '',\n      'show': '',\n      'counter': '1001',\n      'package': '',\n      'category': '',\n      'service': '61',\n      'employee': '',\n      'location': '',\n      'categories_hidden': ''\n    }\n  );\n  var ameliaShortcodeDataTriggered = (typeof ameliaShortcodeDataTriggered === 'undefined') ? [] : ameliaShortcodeDataTriggered;\n  if (ameliaShortcodeData[ameliaShortcodeData.length - 1].trigger !== '') {\n    if (ameliaShortcodeDataTriggered.filter(a => a.counter === ameliaShortcodeData[ameliaShortcodeData.length - 1].counter).length === 0) {\n      ameliaShortcodeDataTriggered.push(ameliaShortcodeData.pop());\n    } else {\n      ameliaShortcodeData.pop()\n    }\n  }\n  if (typeof hasAmeliaEntitiesApiCall !== 'undefined' && hasAmeliaEntitiesApiCall) {\n    hasAmeliaEntitiesApiCall = false;\n  }\n<\/script>\n\n<div\n  id=\"amelia-v2-booking-1001\"\n  class=\"amelia-v2-booking\"\n>\n    <catalog-form-wrapper><\/catalog-form-wrapper><\/div>\n\n<p>&nbsp;<\/p>\n\n<script>\n  if (typeof hasAmeliaEntitiesApiCall === 'undefined' && ('' === '' && '' !== '1')) {\n    var hasAmeliaEntitiesApiCall = true;\n  }\n  var ameliaShortcodeData = (typeof ameliaShortcodeData === 'undefined') ? [] : ameliaShortcodeData;\n  ameliaShortcodeData.push(\n    {\n      'hasApiCall': (typeof hasAmeliaEntitiesApiCall !== 'undefined') && hasAmeliaEntitiesApiCall,\n      'trigger': '',\n      'trigger_type': '',\n      'triggered_form': 'cbf',\n      'in_dialog': '',\n      'show': '',\n      'counter': '1002',\n      'package': '',\n      'category': '',\n      'service': '68',\n      'employee': '',\n      'location': '',\n      'categories_hidden': ''\n    }\n  );\n  var ameliaShortcodeDataTriggered = (typeof ameliaShortcodeDataTriggered === 'undefined') ? [] : ameliaShortcodeDataTriggered;\n  if (ameliaShortcodeData[ameliaShortcodeData.length - 1].trigger !== '') {\n    if (ameliaShortcodeDataTriggered.filter(a => a.counter === ameliaShortcodeData[ameliaShortcodeData.length - 1].counter).length === 0) {\n      ameliaShortcodeDataTriggered.push(ameliaShortcodeData.pop());\n    } else {\n      ameliaShortcodeData.pop()\n    }\n  }\n  if (typeof hasAmeliaEntitiesApiCall !== 'undefined' && hasAmeliaEntitiesApiCall) {\n    hasAmeliaEntitiesApiCall = false;\n  }\n<\/script>\n\n<div\n  id=\"amelia-v2-booking-1002\"\n  class=\"amelia-v2-booking\"\n>\n    <catalog-form-wrapper><\/catalog-form-wrapper><\/div>\n\n","protected":false},"excerpt":{"rendered":"<p><strong>B\u00e9b\u00e9 (moins de 3 ans)<\/strong><\/p>\n<p>S\u00e9ance de shiatsu : 60 \u20ac<\/p>\n<p>Pack Suivi 3 s\u00e9ances : 175 \u20ac<\/p>\n<p>Pack Confiance : 290 \u20ac<\/p>\n<p><strong>\u00a0<\/strong><\/p>\n","protected":false},"featured_media":1183,"comment_status":"open","ping_status":"closed","template":"","meta":{"_uag_custom_page_level_css":"","_swt_meta_header_display":false,"_swt_meta_footer_display":false,"_swt_meta_site_title_display":false,"_swt_meta_sticky_header":false,"_swt_meta_transparent_header":false},"product_brand":[29],"product_cat":[40,41],"product_tag":[43,44,45,37],"class_list":{"0":"post-1463","1":"product","2":"type-product","3":"status-publish","4":"has-post-thumbnail","6":"product_brand-centrazen","7":"product_cat-carte-cadeaux","8":"product_cat-shiatsu","9":"product_tag-detente","10":"product_tag-douleur","11":"product_tag-recuperation","12":"product_tag-stress","14":"first","15":"instock","16":"taxable","17":"shipping-taxable","18":"purchasable","19":"product-type-pw-gift-card"},"uagb_featured_image_src":{"full":["https:\/\/centrazensudgrenoble.com\/wp-content\/uploads\/2025\/02\/gd0af22f838f455560a5e1aa9fa1dd68cd8f75467a2145f2f59a229376a0950c687b965a905ff242997fe007ba9d3545731a6b357490cca31b47e99166816682c_1280-4309802.webp",1280,853,false],"thumbnail":["https:\/\/centrazensudgrenoble.com\/wp-content\/uploads\/2025\/02\/gd0af22f838f455560a5e1aa9fa1dd68cd8f75467a2145f2f59a229376a0950c687b965a905ff242997fe007ba9d3545731a6b357490cca31b47e99166816682c_1280-4309802-150x150.jpg",150,150,true],"medium":["https:\/\/centrazensudgrenoble.com\/wp-content\/uploads\/2025\/02\/gd0af22f838f455560a5e1aa9fa1dd68cd8f75467a2145f2f59a229376a0950c687b965a905ff242997fe007ba9d3545731a6b357490cca31b47e99166816682c_1280-4309802-300x200.jpg",300,200,true],"medium_large":["https:\/\/centrazensudgrenoble.com\/wp-content\/uploads\/2025\/02\/gd0af22f838f455560a5e1aa9fa1dd68cd8f75467a2145f2f59a229376a0950c687b965a905ff242997fe007ba9d3545731a6b357490cca31b47e99166816682c_1280-4309802-768x512.jpg",768,512,true],"large":["https:\/\/centrazensudgrenoble.com\/wp-content\/uploads\/2025\/02\/gd0af22f838f455560a5e1aa9fa1dd68cd8f75467a2145f2f59a229376a0950c687b965a905ff242997fe007ba9d3545731a6b357490cca31b47e99166816682c_1280-4309802-1024x682.jpg",1024,682,true],"1536x1536":["https:\/\/centrazensudgrenoble.com\/wp-content\/uploads\/2025\/02\/gd0af22f838f455560a5e1aa9fa1dd68cd8f75467a2145f2f59a229376a0950c687b965a905ff242997fe007ba9d3545731a6b357490cca31b47e99166816682c_1280-4309802.webp",1280,853,false],"2048x2048":["https:\/\/centrazensudgrenoble.com\/wp-content\/uploads\/2025\/02\/gd0af22f838f455560a5e1aa9fa1dd68cd8f75467a2145f2f59a229376a0950c687b965a905ff242997fe007ba9d3545731a6b357490cca31b47e99166816682c_1280-4309802.webp",1280,853,false],"woocommerce_thumbnail":["https:\/\/centrazensudgrenoble.com\/wp-content\/uploads\/2025\/02\/gd0af22f838f455560a5e1aa9fa1dd68cd8f75467a2145f2f59a229376a0950c687b965a905ff242997fe007ba9d3545731a6b357490cca31b47e99166816682c_1280-4309802-300x300.webp",300,300,true],"woocommerce_single":["https:\/\/centrazensudgrenoble.com\/wp-content\/uploads\/2025\/02\/gd0af22f838f455560a5e1aa9fa1dd68cd8f75467a2145f2f59a229376a0950c687b965a905ff242997fe007ba9d3545731a6b357490cca31b47e99166816682c_1280-4309802.webp",600,400,false],"woocommerce_gallery_thumbnail":["https:\/\/centrazensudgrenoble.com\/wp-content\/uploads\/2025\/02\/gd0af22f838f455560a5e1aa9fa1dd68cd8f75467a2145f2f59a229376a0950c687b965a905ff242997fe007ba9d3545731a6b357490cca31b47e99166816682c_1280-4309802-100x100.webp",100,100,true]},"uagb_author_info":{"display_name":"admin9646","author_link":"https:\/\/centrazensudgrenoble.com\/index.php\/author\/"},"uagb_comment_info":0,"uagb_excerpt":"B\u00e9b\u00e9 (moins de 3 ans) S\u00e9ance de shiatsu : 60 \u20ac Pack Suivi 3 s\u00e9ances : 175 \u20ac Pack Confiance : 290 \u20ac \u00a0","_links":{"self":[{"href":"https:\/\/centrazensudgrenoble.com\/index.php\/wp-json\/wp\/v2\/product\/1463","targetHints":{"allow":["GET"]}}],"collection":[{"href":"https:\/\/centrazensudgrenoble.com\/index.php\/wp-json\/wp\/v2\/product"}],"about":[{"href":"https:\/\/centrazensudgrenoble.com\/index.php\/wp-json\/wp\/v2\/types\/product"}],"replies":[{"embeddable":true,"href":"https:\/\/centrazensudgrenoble.com\/index.php\/wp-json\/wp\/v2\/comments?post=1463"}],"wp:featuredmedia":[{"embeddable":true,"href":"https:\/\/centrazensudgrenoble.com\/index.php\/wp-json\/wp\/v2\/media\/1183"}],"wp:attachment":[{"href":"https:\/\/centrazensudgrenoble.com\/index.php\/wp-json\/wp\/v2\/media?parent=1463"}],"wp:term":[{"taxonomy":"product_brand","embeddable":true,"href":"https:\/\/centrazensudgrenoble.com\/index.php\/wp-json\/wp\/v2\/product_brand?post=1463"},{"taxonomy":"product_cat","embeddable":true,"href":"https:\/\/centrazensudgrenoble.com\/index.php\/wp-json\/wp\/v2\/product_cat?post=1463"},{"taxonomy":"product_tag","embeddable":true,"href":"https:\/\/centrazensudgrenoble.com\/index.php\/wp-json\/wp\/v2\/product_tag?post=1463"}],"curies":[{"name":"wp","href":"https:\/\/api.w.org\/{rel}","templated":true}]}}