{"id":1444,"date":"2025-08-28T08:08:38","date_gmt":"2025-08-28T06:08:38","guid":{"rendered":"https:\/\/centrazensudgrenoble.com\/index.php\/produit\/carte-cadeau\/"},"modified":"2025-12-05T12:57:46","modified_gmt":"2025-12-05T11:57:46","slug":"carte-cadeau","status":"publish","type":"product","link":"https:\/\/centrazensudgrenoble.com\/index.php\/produit\/carte-cadeau\/","title":{"rendered":"Carte Cadeau"},"content":{"rendered":"<p data-start=\"106\" data-end=\"185\">Offrez un moment de d\u00e9tente et de bien-\u00eatre !<\/p>\n<ul data-start=\"187\" data-end=\"539\">\n<li data-start=\"187\" data-end=\"252\">\n<p data-start=\"189\" data-end=\"252\"><strong data-start=\"189\" data-end=\"205\">Valeur libre<\/strong> : choisissez le montant \u00e0 partir de <strong data-start=\"242\" data-end=\"250\">15 \u20ac<\/strong><\/p>\n<\/li>\n<li data-start=\"253\" data-end=\"326\">\n<p data-start=\"255\" data-end=\"326\"><strong data-start=\"255\" data-end=\"267\">Validit\u00e9<\/strong> : utilisable dans les <strong data-start=\"290\" data-end=\"300\">6 mois<\/strong> suivant la date d\u2019achat<\/p>\n<\/li>\n<li data-start=\"327\" data-end=\"460\">\n<p data-start=\"329\" data-end=\"460\"><strong data-start=\"329\" data-end=\"344\">Utilisation<\/strong> : valable sur toutes les prestations Centrazen (s\u00e9ances de relaxation, accompagnements bien-\u00eatre, ateliers, etc.)<\/p>\n<\/li>\n<li data-start=\"461\" data-end=\"539\">\n<p data-start=\"463\" data-end=\"539\"><strong data-start=\"463\" data-end=\"473\">Format<\/strong> : carte envoy\u00e9e par mail.<\/p>\n<\/li>\n<\/ul>\n<p data-start=\"541\" data-end=\"645\">\u2728 Une belle attention pour offrir du temps pour soi, se ressourcer et retrouver \u00e9quilibre et s\u00e9r\u00e9nit\u00e9.<\/p>\n<p data-start=\"541\" data-end=\"645\">Attention, le bon cadeau est envoy\u00e9 directement \u00e0 votre b\u00e9n\u00e9ficiaire. Si vous souhaitez lui offrir, pensez \u00e0 noter votre adresse mail.<\/p>\n","protected":false},"excerpt":{"rendered":"<p>Offrez un moment de d\u00e9tente et de bien-\u00eatre !<\/p>\n<p>\u00e0 partir de <strong data-start=\"242\" data-end=\"250\">15 \u20ac<\/strong><\/p>\n","protected":false},"featured_media":1449,"comment_status":"open","ping_status":"closed","template":"","meta":{"_uag_custom_page_level_css":"","_swt_meta_header_display":false,"_swt_meta_footer_display":false,"_swt_meta_site_title_display":false,"_swt_meta_sticky_header":false,"_swt_meta_transparent_header":false},"product_brand":[29],"product_cat":[40],"product_tag":[],"class_list":{"0":"post-1444","1":"product","2":"type-product","3":"status-publish","4":"has-post-thumbnail","6":"product_brand-centrazen","7":"product_cat-carte-cadeaux","9":"first","10":"instock","11":"purchasable","12":"product-type-pw-gift-card"},"uagb_featured_image_src":{"full":["https:\/\/centrazensudgrenoble.com\/wp-content\/uploads\/2025\/08\/pw-gift-card.webp",512,512,false],"thumbnail":["https:\/\/centrazensudgrenoble.com\/wp-content\/uploads\/2025\/08\/pw-gift-card-150x150.webp",150,150,true],"medium":["https:\/\/centrazensudgrenoble.com\/wp-content\/uploads\/2025\/08\/pw-gift-card-300x300.webp",300,300,true],"medium_large":["https:\/\/centrazensudgrenoble.com\/wp-content\/uploads\/2025\/08\/pw-gift-card.webp",512,512,false],"large":["https:\/\/centrazensudgrenoble.com\/wp-content\/uploads\/2025\/08\/pw-gift-card.webp",512,512,false],"1536x1536":["https:\/\/centrazensudgrenoble.com\/wp-content\/uploads\/2025\/08\/pw-gift-card.webp",512,512,false],"2048x2048":["https:\/\/centrazensudgrenoble.com\/wp-content\/uploads\/2025\/08\/pw-gift-card.webp",512,512,false],"woocommerce_thumbnail":["https:\/\/centrazensudgrenoble.com\/wp-content\/uploads\/2025\/08\/pw-gift-card-300x300.webp",300,300,true],"woocommerce_single":["https:\/\/centrazensudgrenoble.com\/wp-content\/uploads\/2025\/08\/pw-gift-card.webp",512,512,false],"woocommerce_gallery_thumbnail":["https:\/\/centrazensudgrenoble.com\/wp-content\/uploads\/2025\/08\/pw-gift-card-100x100.webp",100,100,true]},"uagb_author_info":{"display_name":"admin9646","author_link":"https:\/\/centrazensudgrenoble.com\/index.php\/author\/"},"uagb_comment_info":1,"uagb_excerpt":"Offrez un moment de d\u00e9tente et de bien-\u00eatre ! \u00e0 partir de 15 \u20ac","_links":{"self":[{"href":"https:\/\/centrazensudgrenoble.com\/index.php\/wp-json\/wp\/v2\/product\/1444","targetHints":{"allow":["GET"]}}],"collection":[{"href":"https:\/\/centrazensudgrenoble.com\/index.php\/wp-json\/wp\/v2\/product"}],"about":[{"href":"https:\/\/centrazensudgrenoble.com\/index.php\/wp-json\/wp\/v2\/types\/product"}],"replies":[{"embeddable":true,"href":"https:\/\/centrazensudgrenoble.com\/index.php\/wp-json\/wp\/v2\/comments?post=1444"}],"wp:featuredmedia":[{"embeddable":true,"href":"https:\/\/centrazensudgrenoble.com\/index.php\/wp-json\/wp\/v2\/media\/1449"}],"wp:attachment":[{"href":"https:\/\/centrazensudgrenoble.com\/index.php\/wp-json\/wp\/v2\/media?parent=1444"}],"wp:term":[{"taxonomy":"product_brand","embeddable":true,"href":"https:\/\/centrazensudgrenoble.com\/index.php\/wp-json\/wp\/v2\/product_brand?post=1444"},{"taxonomy":"product_cat","embeddable":true,"href":"https:\/\/centrazensudgrenoble.com\/index.php\/wp-json\/wp\/v2\/product_cat?post=1444"},{"taxonomy":"product_tag","embeddable":true,"href":"https:\/\/centrazensudgrenoble.com\/index.php\/wp-json\/wp\/v2\/product_tag?post=1444"}],"curies":[{"name":"wp","href":"https:\/\/api.w.org\/{rel}","templated":true}]}}