{"id":1433,"date":"2025-08-27T17:17:10","date_gmt":"2025-08-27T15:17:10","guid":{"rendered":"https:\/\/centrazensudgrenoble.com\/?post_type=product&#038;p=1433"},"modified":"2025-08-29T16:42:21","modified_gmt":"2025-08-29T14:42:21","slug":"1433","status":"publish","type":"product","link":"https:\/\/centrazensudgrenoble.com\/index.php\/produit\/1433\/","title":{"rendered":"Bracelet Cyanite naturelle &#8211; perles 6 mm"},"content":{"rendered":"<p><span style=\"font-weight: 400;\">Optez pour l\u2019\u00e9l\u00e9gance et l\u2019\u00e9nergie apaisante de la <\/span><b>cyanite naturelle<\/b><span style=\"font-weight: 400;\">. Ce bracelet en perles de <\/span><b>6 mm<\/b><span style=\"font-weight: 400;\"> est reconnu en lithoth\u00e9rapie pour ses vertus uniques : il favorise la <\/span><b>communication sinc\u00e8re<\/b><span style=\"font-weight: 400;\">, d\u00e9veloppe l\u2019<\/span><b>intuition<\/b><span style=\"font-weight: 400;\"> et apporte un profond <\/span><b>apaisement \u00e9motionnel<\/b><span style=\"font-weight: 400;\">.<\/span><\/p>\n<p><span style=\"font-weight: 400;\">\ud83d\udc8e <\/span><b>Bienfaits de la cyanite<\/b><span style=\"font-weight: 400;\"> :<\/span><\/p>\n<ul>\n<li style=\"font-weight: 400;\" aria-level=\"1\"><span style=\"font-weight: 400;\">Pierre d\u2019\u00e9quilibre et de s\u00e9r\u00e9nit\u00e9<\/span><\/li>\n<li style=\"font-weight: 400;\" aria-level=\"1\"><span style=\"font-weight: 400;\">Aide \u00e0 r\u00e9duire le stress et l\u2019anxi\u00e9t\u00e9<\/span><\/li>\n<li style=\"font-weight: 400;\" aria-level=\"1\"><span style=\"font-weight: 400;\">Stimule la clart\u00e9 d\u2019esprit et la concentration<\/span><\/li>\n<li style=\"font-weight: 400;\" aria-level=\"1\"><span style=\"font-weight: 400;\">Aligne les chakras, surtout le chakra de la gorge<\/span><\/li>\n<\/ul>\n<p><span style=\"font-weight: 400;\">\ud83c\udf19 <\/span><b>Signes astrologiques associ\u00e9s<\/b><span style=\"font-weight: 400;\"> : Poissons, Vierge, Balance, Sagittaire<\/span><span style=\"font-weight: 400;\"><br \/>\n<\/span><span style=\"font-weight: 400;\"> \ud83d\udc96 <\/span><b>\u00c9motions soutenues<\/b><span style=\"font-weight: 400;\"> : calme, confiance, apaisement<\/span><\/p>\n<p><span style=\"font-weight: 400;\">Un <\/span><b>bijou \u00e9nerg\u00e9tique<\/b><span style=\"font-weight: 400;\"> id\u00e9al \u00e0 porter au quotidien ou \u00e0 offrir, alliant beaut\u00e9 naturelle et bienfaits spirituels.<\/span><\/p>\n<p><span style=\"font-weight: 400;\">\ud83d\udc49 Parfait pour ceux qui recherchent un <\/span><b>bracelet en pierre naturelle de qualit\u00e9<\/b><span style=\"font-weight: 400;\">, associ\u00e9 \u00e0 la <\/span><b>lithoth\u00e9rapie<\/b><span style=\"font-weight: 400;\"> et au <\/span><b>bien-\u00eatre \u00e9motionnel<\/b><span style=\"font-weight: 400;\">.<\/span><\/p>\n","protected":false},"excerpt":{"rendered":"<p>Pierre de s\u00e9r\u00e9nit\u00e9 et de clart\u00e9, la cyanite favorise la communication, l\u2019intuition et l\u2019\u00e9quilibre int\u00e9rieur. Elle apaise le stress, aligne les \u00e9nergies et soutient la confiance en soi. Associ\u00e9e aux signes Poissons, Vierge, Balance et Sagittaire, elle diffuse une \u00e9nergie apaisante accessible \u00e0 tous. Un bijou \u00e9l\u00e9gant et porteur d\u2019harmonie.<\/p>\n","protected":false},"featured_media":1434,"comment_status":"open","ping_status":"closed","template":"","meta":{"_uag_custom_page_level_css":"","_swt_meta_header_display":false,"_swt_meta_footer_display":false,"_swt_meta_site_title_display":false,"_swt_meta_sticky_header":false,"_swt_meta_transparent_header":false},"product_brand":[29],"product_cat":[28],"product_tag":[33,27,35,30,36,31,34,38,37,32],"class_list":{"0":"post-1433","1":"product","2":"type-product","3":"status-publish","4":"has-post-thumbnail","6":"product_brand-centrazen","7":"product_cat-bracelet","8":"product_tag-balance","9":"product_tag-bleu","10":"product_tag-communication","11":"product_tag-cyanite","12":"product_tag-intution","13":"product_tag-poissons","14":"product_tag-sagittaire","15":"product_tag-serenite","16":"product_tag-stress","17":"product_tag-vierge","19":"first","20":"instock","21":"taxable","22":"shipping-taxable","23":"purchasable","24":"product-type-variable"},"uagb_featured_image_src":{"full":["https:\/\/centrazensudgrenoble.com\/wp-content\/uploads\/2025\/08\/1756306740103.webp",2252,2287,false],"thumbnail":["https:\/\/centrazensudgrenoble.com\/wp-content\/uploads\/2025\/08\/1756306740103-150x150.webp",150,150,true],"medium":["https:\/\/centrazensudgrenoble.com\/wp-content\/uploads\/2025\/08\/1756306740103-295x300.webp",295,300,true],"medium_large":["https:\/\/centrazensudgrenoble.com\/wp-content\/uploads\/2025\/08\/1756306740103-768x780.webp",768,780,true],"large":["https:\/\/centrazensudgrenoble.com\/wp-content\/uploads\/2025\/08\/1756306740103-1008x1024.webp",1008,1024,true],"1536x1536":["https:\/\/centrazensudgrenoble.com\/wp-content\/uploads\/2025\/08\/1756306740103-1512x1536.webp",1512,1536,true],"2048x2048":["https:\/\/centrazensudgrenoble.com\/wp-content\/uploads\/2025\/08\/1756306740103-2017x2048.webp",2017,2048,true],"woocommerce_thumbnail":["https:\/\/centrazensudgrenoble.com\/wp-content\/uploads\/2025\/08\/1756306740103-300x300.webp",300,300,true],"woocommerce_single":["https:\/\/centrazensudgrenoble.com\/wp-content\/uploads\/2025\/08\/1756306740103-600x609.webp",600,609,true],"woocommerce_gallery_thumbnail":["https:\/\/centrazensudgrenoble.com\/wp-content\/uploads\/2025\/08\/1756306740103-100x100.webp",100,100,true]},"uagb_author_info":{"display_name":"admin9646","author_link":"https:\/\/centrazensudgrenoble.com\/index.php\/author\/"},"uagb_comment_info":0,"uagb_excerpt":"Pierre de s\u00e9r\u00e9nit\u00e9 et de clart\u00e9, la cyanite favorise la communication, l\u2019intuition et l\u2019\u00e9quilibre int\u00e9rieur. Elle apaise le stress, aligne les \u00e9nergies et soutient la confiance en soi. Associ\u00e9e aux signes Poissons, Vierge, Balance et Sagittaire, elle diffuse une \u00e9nergie apaisante accessible \u00e0 tous. Un bijou \u00e9l\u00e9gant et porteur d\u2019harmonie.","_links":{"self":[{"href":"https:\/\/centrazensudgrenoble.com\/index.php\/wp-json\/wp\/v2\/product\/1433","targetHints":{"allow":["GET"]}}],"collection":[{"href":"https:\/\/centrazensudgrenoble.com\/index.php\/wp-json\/wp\/v2\/product"}],"about":[{"href":"https:\/\/centrazensudgrenoble.com\/index.php\/wp-json\/wp\/v2\/types\/product"}],"replies":[{"embeddable":true,"href":"https:\/\/centrazensudgrenoble.com\/index.php\/wp-json\/wp\/v2\/comments?post=1433"}],"wp:featuredmedia":[{"embeddable":true,"href":"https:\/\/centrazensudgrenoble.com\/index.php\/wp-json\/wp\/v2\/media\/1434"}],"wp:attachment":[{"href":"https:\/\/centrazensudgrenoble.com\/index.php\/wp-json\/wp\/v2\/media?parent=1433"}],"wp:term":[{"taxonomy":"product_brand","embeddable":true,"href":"https:\/\/centrazensudgrenoble.com\/index.php\/wp-json\/wp\/v2\/product_brand?post=1433"},{"taxonomy":"product_cat","embeddable":true,"href":"https:\/\/centrazensudgrenoble.com\/index.php\/wp-json\/wp\/v2\/product_cat?post=1433"},{"taxonomy":"product_tag","embeddable":true,"href":"https:\/\/centrazensudgrenoble.com\/index.php\/wp-json\/wp\/v2\/product_tag?post=1433"}],"curies":[{"name":"wp","href":"https:\/\/api.w.org\/{rel}","templated":true}]}}