{"id":886,"date":"2024-04-16T16:40:25","date_gmt":"2024-04-16T14:40:25","guid":{"rendered":"https:\/\/centrazensudgrenoble.com\/?page_id=886"},"modified":"2026-02-24T14:00:27","modified_gmt":"2026-02-24T13:00:27","slug":"location-salles","status":"publish","type":"page","link":"https:\/\/centrazensudgrenoble.com\/index.php\/location-salles\/","title":{"rendered":"Location salles"},"content":{"rendered":"\n<p class=\"has-text-align-center\">Pour toute premi\u00e8re demande de r\u00e9servation, contactez-nous d&#8217;abord au 04.76.08.74.17<br>ou par mail contact@centrazen.fr&nbsp;<\/p>\n\n\n\n<p class=\"has-text-align-center\">Sur cette page, vous trouverez les disponibilit\u00e9s \u00e0 l&#8217;ann\u00e9e, si vous souhaitez une autre date ou une autre dur\u00e9e de r\u00e9servations, contactez-nous directement !<\/p>\n\n\n\n<div class=\"wp-block-uagb-separator uagb-block-f02aaac4\"><div class=\"uagb-separator-spacing-wrapper\"><div class=\"wp-block-uagb-separator__inner\" style=\"--my-background-image:\"><\/div><\/div><\/div>\n\n\n\n<div class=\"wp-block-columns is-layout-flex wp-container-core-columns-is-layout-28f84493 wp-block-columns-is-layout-flex\">\n<div class=\"wp-block-column is-layout-flow wp-block-column-is-layout-flow\">\n<h3 class=\"wp-block-heading has-text-align-center\">R\u00e9servation de salle pour un rdv individuel<\/h3>\n\n\n\n<script>\n  if (typeof hasAmeliaEntitiesApiCall === 'undefined' && ('' === '' && '' !== '1')) {\n    var hasAmeliaEntitiesApiCall = true;\n  }\n  var ameliaShortcodeData = (typeof ameliaShortcodeData === 'undefined') ? [] : ameliaShortcodeData;\n  ameliaShortcodeData.push(\n    {\n      'hasApiCall': (typeof hasAmeliaEntitiesApiCall !== 'undefined') && hasAmeliaEntitiesApiCall,\n      'trigger': '',\n      'trigger_type': '',\n      'triggered_form': 'sbsNew',\n      'in_dialog': '',\n      'show': '',\n      'counter': '1000',\n      'category': '',\n      'service': '76,2,21',\n      'employee': '',\n      'location': '',\n      'package': '',\n      'layout': '1',\n    }\n  );\n\n  var ameliaShortcodeDataTriggered = (typeof ameliaShortcodeDataTriggered === 'undefined') ? [] : ameliaShortcodeDataTriggered;\n  if (ameliaShortcodeData[ameliaShortcodeData.length - 1].trigger !== '') {\n    if (ameliaShortcodeDataTriggered.filter(a => a.counter === ameliaShortcodeData[ameliaShortcodeData.length - 1].counter).length === 0) {\n      ameliaShortcodeDataTriggered.push(ameliaShortcodeData.pop());\n    } else {\n      ameliaShortcodeData.pop()\n    }\n  }\n  if (typeof hasAmeliaEntitiesApiCall !== 'undefined' && hasAmeliaEntitiesApiCall) {\n    hasAmeliaEntitiesApiCall = false;\n  }\n<\/script>\n\n<div\n  id=\"amelia-v2-booking-1000\"\n  class=\"amelia-v2-booking\"\n >\n    <step-form-wrapper><\/step-form-wrapper><\/div>\n\n\n\n<h3 class=\"wp-block-heading has-text-align-center\">R\u00e9servation de salle pour un atelier ponctuel<\/h3>\n\n\n\n<script>\n  if (typeof hasAmeliaEntitiesApiCall === 'undefined' && ('' === '' && '' !== '1')) {\n    var hasAmeliaEntitiesApiCall = true;\n  }\n  var ameliaShortcodeData = (typeof ameliaShortcodeData === 'undefined') ? [] : ameliaShortcodeData;\n  ameliaShortcodeData.push(\n    {\n      'hasApiCall': (typeof hasAmeliaEntitiesApiCall !== 'undefined') && hasAmeliaEntitiesApiCall,\n      'trigger': '',\n      'trigger_type': '',\n      'triggered_form': 'sbsNew',\n      'in_dialog': '',\n      'show': '',\n      'counter': '1001',\n      'category': '',\n      'service': '22,78',\n      'employee': '1',\n      'location': '',\n      'package': '',\n      'layout': '1',\n    }\n  );\n\n  var ameliaShortcodeDataTriggered = (typeof ameliaShortcodeDataTriggered === 'undefined') ? [] : ameliaShortcodeDataTriggered;\n  if (ameliaShortcodeData[ameliaShortcodeData.length - 1].trigger !== '') {\n    if (ameliaShortcodeDataTriggered.filter(a => a.counter === ameliaShortcodeData[ameliaShortcodeData.length - 1].counter).length === 0) {\n      ameliaShortcodeDataTriggered.push(ameliaShortcodeData.pop());\n    } else {\n      ameliaShortcodeData.pop()\n    }\n  }\n  if (typeof hasAmeliaEntitiesApiCall !== 'undefined' && hasAmeliaEntitiesApiCall) {\n    hasAmeliaEntitiesApiCall = false;\n  }\n<\/script>\n\n<div\n  id=\"amelia-v2-booking-1001\"\n  class=\"amelia-v2-booking\"\n >\n    <step-form-wrapper><\/step-form-wrapper><\/div>\n\n\n\n<h3 class=\"wp-block-heading has-text-align-center\">R\u00e9servation de salle \u00e0 la journ\u00e9e le week-end<\/h3>\n<\/div>\n<\/div>\n\n\n\n<script>\n  if (typeof hasAmeliaEntitiesApiCall === 'undefined' && ('' === '' && '' !== '1')) {\n    var hasAmeliaEntitiesApiCall = true;\n  }\n  var ameliaShortcodeData = (typeof ameliaShortcodeData === 'undefined') ? [] : ameliaShortcodeData;\n  ameliaShortcodeData.push(\n    {\n      'hasApiCall': (typeof hasAmeliaEntitiesApiCall !== 'undefined') && hasAmeliaEntitiesApiCall,\n      'trigger': '',\n      'trigger_type': '',\n      'triggered_form': 'sbsNew',\n      'in_dialog': '',\n      'show': '',\n      'counter': '1002',\n      'category': '',\n      'service': '6',\n      'employee': '1',\n      'location': '',\n      'package': '',\n      'layout': '1',\n    }\n  );\n\n  var ameliaShortcodeDataTriggered = (typeof ameliaShortcodeDataTriggered === 'undefined') ? [] : ameliaShortcodeDataTriggered;\n  if (ameliaShortcodeData[ameliaShortcodeData.length - 1].trigger !== '') {\n    if (ameliaShortcodeDataTriggered.filter(a => a.counter === ameliaShortcodeData[ameliaShortcodeData.length - 1].counter).length === 0) {\n      ameliaShortcodeDataTriggered.push(ameliaShortcodeData.pop());\n    } else {\n      ameliaShortcodeData.pop()\n    }\n  }\n  if (typeof hasAmeliaEntitiesApiCall !== 'undefined' && hasAmeliaEntitiesApiCall) {\n    hasAmeliaEntitiesApiCall = false;\n  }\n<\/script>\n\n<div\n  id=\"amelia-v2-booking-1002\"\n  class=\"amelia-v2-booking\"\n >\n    <step-form-wrapper><\/step-form-wrapper><\/div>\n\n\n\n<p class=\"has-text-align-center\">Pour une r\u00e9servation en semaine, contactez-nous directement pour fixer la date.<\/p>\n\n\n\n<div class=\"wp-block-uagb-separator uagb-block-be502ad6\"><div class=\"uagb-separator-spacing-wrapper\"><div class=\"wp-block-uagb-separator__inner\" style=\"--my-background-image:\"><\/div><\/div><\/div>\n\n\n\n<div class=\"wp-block-uagb-info-box uagb-block-dbcfe622 uagb-infobox__content-wrap  uagb-infobox_cta-type-all uagb-infobox-icon-below-title uagb-infobox-image-valign-top\"><a href=\"https:\/\/centrazensudgrenoble.com\/index.php\/reservation-location\/\" class=\"uagb-infobox-link-wrap uagb-infbox__link-to-all\" target=\"_blank\" aria-label=\"Infobox Link\" rel=\"noopener noreferrer\" onclick=\"return true;\"><\/a><div class=\"uagb-ifb-content\"><div class=\"uagb-ifb-title-wrap\"><h3 class=\"uagb-ifb-title\">Salle Sakura<\/h3><\/div><div class=\"uagb-ifb-image-content\"><img decoding=\"async\" src=\"https:\/\/centrazensudgrenoble.com\/wp-content\/uploads\/2024\/04\/IMG_20231110_092545-1-150x150.jpg\" alt=\"\" width=\"\" height=\"0\" loading=\"lazy\"\/><\/div><p class=\"uagb-ifb-desc\">Sakura, une salle de 10 m2, est id\u00e9ale pour toutes les s\u00e9ances de soins manuels, coaching , psychologie ou autre techniques d&#8217;approches douces et naturelles.<br>Chaque praticien qui utilise la table est tenu d&#8217;apporter son linge, un drap pour la protection de la table et un plaid pour le confort de son client.&nbsp;<\/p><div class=\"uagb-ifb-button-wrapper wp-block-button\"><\/div><\/div><\/div>\n\n\n\n<div class=\"wp-block-uagb-separator uagb-block-18c141a4\"><div class=\"uagb-separator-spacing-wrapper\"><div class=\"wp-block-uagb-separator__inner\" style=\"--my-background-image:\"><\/div><\/div><\/div>\n\n\n\n<div class=\"wp-block-uagb-info-box uagb-block-62106173 uagb-infobox__content-wrap  uagb-infobox_cta-type-all uagb-infobox-icon-below-title uagb-infobox-image-valign-top\"><a href=\"https:\/\/centrazensudgrenoble.com\/index.php\/reservation-location\/\" class=\"uagb-infobox-link-wrap uagb-infbox__link-to-all\" target=\"_blank\" aria-label=\"Infobox Link\" rel=\"noopener noreferrer\" onclick=\"return true;\"><\/a><div class=\"uagb-ifb-content\"><div class=\"uagb-ifb-title-wrap\"><h3 class=\"uagb-ifb-title\">Salle Ga\u00efa<\/h3><\/div><div class=\"uagb-ifb-image-content\"><img decoding=\"async\" src=\"https:\/\/centrazensudgrenoble.com\/wp-content\/uploads\/2024\/04\/IMG_20231002_143457-2-150x150.jpg\" alt=\"\" width=\"\" height=\"0\" loading=\"lazy\"\/><\/div><p class=\"uagb-ifb-desc\">Ga\u00efa, une salle de 10 m2, est id\u00e9ale pour toutes les s\u00e9ances de soins manuels, coaching , psychologie ou autre techniques d&#8217;approches douces et naturelles.<br>Chaque praticien qui utilise la table est tenu d&#8217;apporter son linge, un drap pour la protection de la table et un plaid pour le confort de son client.&nbsp;<br><\/p><div class=\"uagb-ifb-button-wrapper wp-block-button\"><\/div><\/div><\/div>\n\n\n\n<div class=\"wp-block-uagb-separator uagb-block-f8fd1768\"><div class=\"uagb-separator-spacing-wrapper\"><div class=\"wp-block-uagb-separator__inner\" style=\"--my-background-image:\"><\/div><\/div><\/div>\n\n\n\n<div class=\"wp-block-uagb-info-box uagb-block-f4586f6a uagb-infobox__content-wrap  uagb-infobox_cta-type-all uagb-infobox-icon-below-title uagb-infobox-image-valign-top\"><a href=\"https:\/\/centrazensudgrenoble.com\/index.php\/reservation-location\/\" class=\"uagb-infobox-link-wrap uagb-infbox__link-to-all\" target=\"_blank\" aria-label=\"Infobox Link\" rel=\"noopener noreferrer\" onclick=\"return true;\"><\/a><div class=\"uagb-ifb-content\"><div class=\"uagb-ifb-title-wrap\"><h3 class=\"uagb-ifb-title\">Salle Colibri<\/h3><\/div><div class=\"uagb-ifb-image-content\"><img decoding=\"async\" src=\"https:\/\/centrazensudgrenoble.com\/wp-content\/uploads\/2024\/04\/1699547137139-2-150x150.jpg\" alt=\"\" width=\"\" height=\"0\" loading=\"lazy\"\/><\/div><p class=\"uagb-ifb-desc\">Colibri, une salle de 18 m2, est polyvalente pour accueillir des groupes de 4 \u00e0 10 personnes. Vous pouvez \u00e9galement la louer pour des s\u00e9ances individuelles.<br>Une table pouvant accueillir 10 personnes peut \u00eatre install\u00e9es pour les formations.<br>&nbsp;<\/p><div class=\"uagb-ifb-button-wrapper wp-block-button\"><\/div><\/div><\/div>\n\n\n\n<div class=\"wp-block-uagb-separator uagb-block-2b5d91df\"><div class=\"uagb-separator-spacing-wrapper\"><div class=\"wp-block-uagb-separator__inner\" style=\"--my-background-image:\"><\/div><\/div><\/div>\n\n\n\n<p><\/p>\n","protected":false},"excerpt":{"rendered":"<p>Pour toute premi\u00e8re demande de r\u00e9servation, contactez-nous d&#8217;abord au 04.76.08.74.17ou par mail contact@centrazen.fr&nbsp; Sur cette page, vous trouverez les disponibilit\u00e9s \u00e0 l&#8217;ann\u00e9e, si vous souhaitez une autre date ou une autre dur\u00e9e de r\u00e9servations, contactez-nous directement ! R\u00e9servation de salle pour un rdv individuel R\u00e9servation de salle pour un atelier ponctuel R\u00e9servation de salle \u00e0 [&hellip;]<\/p>\n","protected":false},"author":1,"featured_media":0,"parent":0,"menu_order":0,"comment_status":"closed","ping_status":"closed","template":"","meta":{"_uag_custom_page_level_css":"","_swt_meta_header_display":false,"_swt_meta_footer_display":false,"_swt_meta_site_title_display":false,"_swt_meta_sticky_header":false,"_swt_meta_transparent_header":false,"footnotes":""},"class_list":["post-886","page","type-page","status-publish","hentry"],"uagb_featured_image_src":{"full":false,"thumbnail":false,"medium":false,"medium_large":false,"large":false,"1536x1536":false,"2048x2048":false,"woocommerce_thumbnail":false,"woocommerce_single":false,"woocommerce_gallery_thumbnail":false},"uagb_author_info":{"display_name":"admin9646","author_link":"https:\/\/centrazensudgrenoble.com\/index.php\/author\/admin9646\/"},"uagb_comment_info":0,"uagb_excerpt":"Pour toute premi\u00e8re demande de r\u00e9servation, contactez-nous d&#8217;abord au 04.76.08.74.17ou par mail contact@centrazen.fr&nbsp; Sur cette page, vous trouverez les disponibilit\u00e9s \u00e0 l&#8217;ann\u00e9e, si vous souhaitez une autre date ou une autre dur\u00e9e de r\u00e9servations, contactez-nous directement ! R\u00e9servation de salle pour un rdv individuel R\u00e9servation de salle pour un atelier ponctuel R\u00e9servation de salle \u00e0\u2026","_links":{"self":[{"href":"https:\/\/centrazensudgrenoble.com\/index.php\/wp-json\/wp\/v2\/pages\/886","targetHints":{"allow":["GET"]}}],"collection":[{"href":"https:\/\/centrazensudgrenoble.com\/index.php\/wp-json\/wp\/v2\/pages"}],"about":[{"href":"https:\/\/centrazensudgrenoble.com\/index.php\/wp-json\/wp\/v2\/types\/page"}],"author":[{"embeddable":true,"href":"https:\/\/centrazensudgrenoble.com\/index.php\/wp-json\/wp\/v2\/users\/1"}],"replies":[{"embeddable":true,"href":"https:\/\/centrazensudgrenoble.com\/index.php\/wp-json\/wp\/v2\/comments?post=886"}],"version-history":[{"count":40,"href":"https:\/\/centrazensudgrenoble.com\/index.php\/wp-json\/wp\/v2\/pages\/886\/revisions"}],"predecessor-version":[{"id":1882,"href":"https:\/\/centrazensudgrenoble.com\/index.php\/wp-json\/wp\/v2\/pages\/886\/revisions\/1882"}],"wp:attachment":[{"href":"https:\/\/centrazensudgrenoble.com\/index.php\/wp-json\/wp\/v2\/media?parent=886"}],"curies":[{"name":"wp","href":"https:\/\/api.w.org\/{rel}","templated":true}]}}