{"id":879,"date":"2024-04-16T16:03:36","date_gmt":"2024-04-16T14:03:36","guid":{"rendered":"https:\/\/centrazensudgrenoble.com\/?page_id=879"},"modified":"2025-10-27T15:33:58","modified_gmt":"2025-10-27T14:33:58","slug":"reservation-carine-jallat","status":"publish","type":"page","link":"https:\/\/centrazensudgrenoble.com\/index.php\/reservation-carine-jallat\/","title":{"rendered":"R\u00e9servation Carine JALLAT"},"content":{"rendered":"\n<div class=\"wp-block-uagb-advanced-heading uagb-block-bbf78a0b\"><h2 class=\"uagb-heading-text\">R\u00e9servation Carine JALLAT <\/h2><\/div>\n\n\n\n<p>Relaxologue sp\u00e9cialis\u00e9e en sant\u00e9 mentale et r\u00e9flexes, je re\u00e7ois \u00e0 Centrazen le lundi, mardi et jeudi.<\/p>\n\n\n\n<p>Si toutefois ces cr\u00e9neaux ne vous conviennent pas, nous pourrons trouver une solution ensemble.<\/p>\n\n\n\n<p>Vous pouvez m&#8217;envoyer un SMS avec vos coordonn\u00e9es, l&#8217;objectif du rdv et vos pr\u00e9f\u00e9rences, je vous contacterai au plus t\u00f4t.<\/p>\n\n\n\n<div class=\"wp-block-uagb-container uagb-block-93760d4e alignfull uagb-is-root-container\"><div class=\"uagb-container-inner-blocks-wrap\">\n<h2 class=\"wp-block-heading has-text-align-center\">S\u00e9ance individuelle<\/h2>\n\n\n\n<div class=\"wp-block-group is-content-justification-center is-nowrap is-layout-flex wp-container-core-group-is-layout-23441af8 wp-block-group-is-layout-flex\">\n<p class=\"has-text-align-center\">Vous \u00eates sur le point de r\u00e9server un rendez-vous en pr\u00e9sentiel. <\/p>\n\n\n\n<p class=\"has-text-align-center\">Pour un suivi, la s\u00e9ance dure une heure, cliquez directement sur continuer en bas du carr\u00e9 blanc. <\/p>\n<\/div>\n\n\n\n<p class=\"has-text-align-center\">Apr\u00e8s de multiples demandes, j&#8217;ai mis en place une option pour ceux qui souhaitent une s\u00e9ance plus longue (1h30). Celle-ci correspond soit \u00e0 une \u00e9vasion sensorielle du corps complet habill\u00e9, ou vous pouvez choisir l&#8217;option pour avoir en suppl\u00e9ment de la s\u00e9ance classique, 30 min d&#8217;\u00e9vasion sensorielle tactile (mains, pieds, visage) ou de pratique d&#8217;outils de relaxation.<\/p>\n<\/div><\/div>\n\n\n\n<div class=\"wp-block-group is-nowrap is-layout-flex wp-container-core-group-is-layout-6c531013 wp-block-group-is-layout-flex\">\n<div class=\"wp-block-columns is-layout-flex wp-container-core-columns-is-layout-28f84493 wp-block-columns-is-layout-flex\">\n<div class=\"wp-block-column is-layout-flow wp-block-column-is-layout-flow\" style=\"flex-basis:100%\"><\/div>\n<\/div>\n\n\n\n<div class=\"wp-block-columns is-layout-flex wp-container-core-columns-is-layout-28f84493 wp-block-columns-is-layout-flex\">\n<div class=\"wp-block-column is-vertically-aligned-center is-layout-flow wp-block-column-is-layout-flow\" style=\"flex-basis:66.66%\">\n<script>\n  if (typeof hasAmeliaEntitiesApiCall === 'undefined' && ('' === '' && '' !== '1')) {\n    var hasAmeliaEntitiesApiCall = true;\n  }\n  var ameliaShortcodeData = (typeof ameliaShortcodeData === 'undefined') ? [] : ameliaShortcodeData;\n  ameliaShortcodeData.push(\n    {\n      'hasApiCall': (typeof hasAmeliaEntitiesApiCall !== 'undefined') && hasAmeliaEntitiesApiCall,\n      'trigger': '',\n      'trigger_type': '',\n      'triggered_form': 'sbsNew',\n      'in_dialog': '',\n      'show': '',\n      'counter': '1000',\n      'category': '',\n      'service': '58',\n      'employee': '3',\n      'location': '',\n      'package': '',\n      'layout': '1',\n    }\n  );\n\n  var ameliaShortcodeDataTriggered = (typeof ameliaShortcodeDataTriggered === 'undefined') ? [] : ameliaShortcodeDataTriggered;\n  if (ameliaShortcodeData[ameliaShortcodeData.length - 1].trigger !== '') {\n    if (ameliaShortcodeDataTriggered.filter(a => a.counter === ameliaShortcodeData[ameliaShortcodeData.length - 1].counter).length === 0) {\n      ameliaShortcodeDataTriggered.push(ameliaShortcodeData.pop());\n    } else {\n      ameliaShortcodeData.pop()\n    }\n  }\n  if (typeof hasAmeliaEntitiesApiCall !== 'undefined' && hasAmeliaEntitiesApiCall) {\n    hasAmeliaEntitiesApiCall = false;\n  }\n<\/script>\n\n<div\n  id=\"amelia-v2-booking-1000\"\n  class=\"amelia-v2-booking\"\n >\n    <step-form-wrapper><\/step-form-wrapper><\/div>\n<\/div>\n\n\n\n<div class=\"wp-block-column is-layout-flow wp-block-column-is-layout-flow\" style=\"flex-basis:33.33%\">\n<figure class=\"wp-block-image size-large\"><img loading=\"lazy\" decoding=\"async\" width=\"1024\" height=\"1024\" sizes=\"auto, (max-width: 254px) 100vw, 254px\" src=\"https:\/\/centrazensudgrenoble.com\/wp-content\/uploads\/2025\/03\/CHARTE-GRAPHIQUE-1-1024x1024.png\" alt=\"\" class=\"wp-image-1221\" srcset=\"https:\/\/centrazensudgrenoble.com\/wp-content\/uploads\/2025\/03\/CHARTE-GRAPHIQUE-1-1024x1024.png 1024w, https:\/\/centrazensudgrenoble.com\/wp-content\/uploads\/2025\/03\/CHARTE-GRAPHIQUE-1-300x300.png 300w, https:\/\/centrazensudgrenoble.com\/wp-content\/uploads\/2025\/03\/CHARTE-GRAPHIQUE-1-150x150.png 150w, https:\/\/centrazensudgrenoble.com\/wp-content\/uploads\/2025\/03\/CHARTE-GRAPHIQUE-1-768x768.png 768w, https:\/\/centrazensudgrenoble.com\/wp-content\/uploads\/2025\/03\/CHARTE-GRAPHIQUE-1.png 1080w\" \/><\/figure>\n<\/div>\n<\/div>\n<\/div>\n\n\n\n<div class=\"wp-block-uagb-container uagb-block-752fdb85 alignfull uagb-is-root-container\"><div class=\"uagb-container-inner-blocks-wrap\">\n<h2 class=\"wp-block-heading has-text-align-center\">1er \u00e9change t\u00e9l\u00e9phonique <\/h2>\n\n\n\n<h2 class=\"wp-block-heading has-text-align-center\">de 30minutes offert<\/h2>\n<\/div><\/div>\n\n\n\n<div class=\"wp-block-group is-nowrap is-layout-flex wp-container-core-group-is-layout-6c531013 wp-block-group-is-layout-flex\">\n<div class=\"wp-block-columns is-layout-flex wp-container-core-columns-is-layout-28f84493 wp-block-columns-is-layout-flex\">\n<div class=\"wp-block-column is-layout-flow wp-block-column-is-layout-flow\" style=\"flex-basis:100%\"><\/div>\n<\/div>\n\n\n\n<div class=\"wp-block-columns is-layout-flex wp-container-core-columns-is-layout-28f84493 wp-block-columns-is-layout-flex\">\n<div class=\"wp-block-column is-vertically-aligned-center is-layout-flow wp-block-column-is-layout-flow\" style=\"flex-basis:66.66%\">\n<script>\n  if (typeof hasAmeliaEntitiesApiCall === 'undefined' && ('' === '' && '' !== '1')) {\n    var hasAmeliaEntitiesApiCall = true;\n  }\n  var ameliaShortcodeData = (typeof ameliaShortcodeData === 'undefined') ? [] : ameliaShortcodeData;\n  ameliaShortcodeData.push(\n    {\n      'hasApiCall': (typeof hasAmeliaEntitiesApiCall !== 'undefined') && hasAmeliaEntitiesApiCall,\n      'trigger': '',\n      'trigger_type': '',\n      'triggered_form': 'sbsNew',\n      'in_dialog': '',\n      'show': '',\n      'counter': '1001',\n      'category': '',\n      'service': '60',\n      'employee': '3',\n      'location': '',\n      'package': '',\n      'layout': '1',\n    }\n  );\n\n  var ameliaShortcodeDataTriggered = (typeof ameliaShortcodeDataTriggered === 'undefined') ? [] : ameliaShortcodeDataTriggered;\n  if (ameliaShortcodeData[ameliaShortcodeData.length - 1].trigger !== '') {\n    if (ameliaShortcodeDataTriggered.filter(a => a.counter === ameliaShortcodeData[ameliaShortcodeData.length - 1].counter).length === 0) {\n      ameliaShortcodeDataTriggered.push(ameliaShortcodeData.pop());\n    } else {\n      ameliaShortcodeData.pop()\n    }\n  }\n  if (typeof hasAmeliaEntitiesApiCall !== 'undefined' && hasAmeliaEntitiesApiCall) {\n    hasAmeliaEntitiesApiCall = false;\n  }\n<\/script>\n\n<div\n  id=\"amelia-v2-booking-1001\"\n  class=\"amelia-v2-booking\"\n >\n    <step-form-wrapper><\/step-form-wrapper><\/div>\n<\/div>\n\n\n\n<div class=\"wp-block-column is-layout-flow wp-block-column-is-layout-flow\" style=\"flex-basis:33.33%\">\n<figure class=\"wp-block-image size-large\"><img loading=\"lazy\" decoding=\"async\" width=\"1024\" height=\"591\" sizes=\"auto, (max-width: 254px) 100vw, 254px\" src=\"https:\/\/centrazensudgrenoble.com\/wp-content\/uploads\/2025\/09\/phone-old-year-built-1955-bakelite-163007-163007-1024x591.webp\" alt=\"\" class=\"wp-image-1591\" srcset=\"https:\/\/centrazensudgrenoble.com\/wp-content\/uploads\/2025\/09\/phone-old-year-built-1955-bakelite-163007-163007-1024x591.webp 1024w, https:\/\/centrazensudgrenoble.com\/wp-content\/uploads\/2025\/09\/phone-old-year-built-1955-bakelite-163007-163007-300x173.webp 300w, https:\/\/centrazensudgrenoble.com\/wp-content\/uploads\/2025\/09\/phone-old-year-built-1955-bakelite-163007-163007-768x443.webp 768w\" \/><\/figure>\n<\/div>\n<\/div>\n<\/div>\n\n\n\n<div class=\"wp-block-group is-nowrap is-layout-flex wp-container-core-group-is-layout-6c531013 wp-block-group-is-layout-flex\">\n<p>Ce rendez t\u00e9l\u00e9phonique permet un premier contact, voir si je peux r\u00e9pondre \u00e0 votre besoin, vous expliquer mes diff\u00e9rentes approches et fixer le premier rendez-vous ensemble si vous pensez que mes approches sont faites pour vous ;-D<\/p>\n<\/div>\n\n\n\n<p><\/p>\n","protected":false},"excerpt":{"rendered":"<p>R\u00e9servation Carine JALLAT Relaxologue sp\u00e9cialis\u00e9e en sant\u00e9 mentale et r\u00e9flexes, je re\u00e7ois \u00e0 Centrazen le lundi, mardi et jeudi. Si toutefois ces cr\u00e9neaux ne vous conviennent pas, nous pourrons trouver une solution ensemble. Vous pouvez m&#8217;envoyer un SMS avec vos coordonn\u00e9es, l&#8217;objectif du rdv et vos pr\u00e9f\u00e9rences, je vous contacterai au plus t\u00f4t. S\u00e9ance individuelle [&hellip;]<\/p>\n","protected":false},"author":1,"featured_media":0,"parent":0,"menu_order":0,"comment_status":"closed","ping_status":"closed","template":"","meta":{"_uag_custom_page_level_css":"","_swt_meta_header_display":false,"_swt_meta_footer_display":false,"_swt_meta_site_title_display":false,"_swt_meta_sticky_header":false,"_swt_meta_transparent_header":false,"footnotes":""},"class_list":["post-879","page","type-page","status-publish","hentry"],"uagb_featured_image_src":{"full":false,"thumbnail":false,"medium":false,"medium_large":false,"large":false,"1536x1536":false,"2048x2048":false,"woocommerce_thumbnail":false,"woocommerce_single":false,"woocommerce_gallery_thumbnail":false},"uagb_author_info":{"display_name":"admin9646","author_link":"https:\/\/centrazensudgrenoble.com\/index.php\/author\/admin9646\/"},"uagb_comment_info":0,"uagb_excerpt":"R\u00e9servation Carine JALLAT Relaxologue sp\u00e9cialis\u00e9e en sant\u00e9 mentale et r\u00e9flexes, je re\u00e7ois \u00e0 Centrazen le lundi, mardi et jeudi. Si toutefois ces cr\u00e9neaux ne vous conviennent pas, nous pourrons trouver une solution ensemble. Vous pouvez m&#8217;envoyer un SMS avec vos coordonn\u00e9es, l&#8217;objectif du rdv et vos pr\u00e9f\u00e9rences, je vous contacterai au plus t\u00f4t. S\u00e9ance individuelle\u2026","_links":{"self":[{"href":"https:\/\/centrazensudgrenoble.com\/index.php\/wp-json\/wp\/v2\/pages\/879","targetHints":{"allow":["GET"]}}],"collection":[{"href":"https:\/\/centrazensudgrenoble.com\/index.php\/wp-json\/wp\/v2\/pages"}],"about":[{"href":"https:\/\/centrazensudgrenoble.com\/index.php\/wp-json\/wp\/v2\/types\/page"}],"author":[{"embeddable":true,"href":"https:\/\/centrazensudgrenoble.com\/index.php\/wp-json\/wp\/v2\/users\/1"}],"replies":[{"embeddable":true,"href":"https:\/\/centrazensudgrenoble.com\/index.php\/wp-json\/wp\/v2\/comments?post=879"}],"version-history":[{"count":44,"href":"https:\/\/centrazensudgrenoble.com\/index.php\/wp-json\/wp\/v2\/pages\/879\/revisions"}],"predecessor-version":[{"id":1639,"href":"https:\/\/centrazensudgrenoble.com\/index.php\/wp-json\/wp\/v2\/pages\/879\/revisions\/1639"}],"wp:attachment":[{"href":"https:\/\/centrazensudgrenoble.com\/index.php\/wp-json\/wp\/v2\/media?parent=879"}],"curies":[{"name":"wp","href":"https:\/\/api.w.org\/{rel}","templated":true}]}}