{"id":1614,"date":"2025-09-08T17:51:01","date_gmt":"2025-09-08T15:51:01","guid":{"rendered":"https:\/\/centrazensudgrenoble.com\/?page_id=1614"},"modified":"2025-09-24T14:20:25","modified_gmt":"2025-09-24T12:20:25","slug":"demande-dacces-a-lapplication-respiration-carree-de-centrazen","status":"publish","type":"page","link":"https:\/\/centrazensudgrenoble.com\/index.php\/demande-dacces-a-lapplication-respiration-carree-de-centrazen\/","title":{"rendered":"Demande d&#8217;acc\u00e8s \u00e0 l&#8217;application : Respiration carr\u00e9e de Centrazen"},"content":{"rendered":"\n<div class=\"wp-block-uagb-forms uagb-forms__outer-wrap uagb-block-022709c9 uagb-forms__medium-btn\"><form class=\"uagb-forms-main-form\" method=\"post\" autocomplete=\"on\" name=\"uagb-form-022709c9\">\n<div class=\"wp-block-uagb-forms-name uagb-forms-name-wrap uagb-forms-field-set uagb-block-ebf99f61\"><div class=\"uagb-forms-name-label required uagb-forms-input-label\" id=\"ebf99f61\">Pr\u00e9nom<\/div><input type=\"text\" placeholder=\"Annie\" required class=\"uagb-forms-name-input uagb-forms-input\" name=\"ebf99f61\" autocomplete=\"additional-name\"\/><\/div>\n\n\n\n<div class=\"wp-block-uagb-forms-name uagb-forms-name-wrap uagb-forms-field-set uagb-block-ef43a5af\"><div class=\"uagb-forms-name-label required uagb-forms-input-label\" id=\"ef43a5af\">Nom de Famille<\/div><input type=\"text\" placeholder=\"Doe\" required class=\"uagb-forms-name-input uagb-forms-input\" name=\"ef43a5af\" autocomplete=\"family-name\"\/><\/div>\n\n\n\n<div class=\"wp-block-uagb-forms-email uagb-forms-email-wrap uagb-forms-field-set uagb-block-195b2eda\"><div class=\"uagb-forms-email-label  uagb-forms-input-label\" id=\"195b2eda\">Email<\/div><input type=\"email\" class=\"uagb-forms-email-input uagb-forms-input\" placeholder=\"example@mail.com\" name=\"195b2eda\" autocomplete=\"email\"\/><\/div>\n\n\n\n<div class=\"wp-block-uagb-forms-textarea uagb-forms-textarea-wrap uagb-forms-field-set uagb-block-8dd5a133\"><div class=\"uagb-forms-textarea-label required uagb-forms-input-label\" id=\"8dd5a133\">Message<\/div><textarea required class=\"uagb-forms-textarea-input uagb-forms-input\" rows=\"4\" placeholder=\"Demande d'acc\u00e8s \u00e0 l'application respiration carr\u00e9e\" name=\"8dd5a133\" autocomplete=\"off\"><\/textarea><\/div>\n<div class=\"uagb-forms-form-hidden-data\"><input type=\"hidden\" id=\"g-recaptcha-response\" class=\"uagb-forms-recaptcha\"\/><input type=\"hidden\" class=\"uagb_forms_form_label\" value=\"Spectra Form\"\/><input type=\"hidden\" class=\"uagb_forms_form_id\" value=\"uagb-form-022709c9\"\/><\/div><div class=\"uagb-form-reacaptcha-error-022709c9\"><\/div><div class=\"uagb-forms-main-submit-button-wrap wp-block-button\"><button class=\"uagb-forms-main-submit-button wp-block-button__link\"><div class=\"uagb-forms-main-submit-button-text\">Envoyer<\/div><\/button><\/div><\/form><div class=\"uagb-forms-success-message-022709c9 uagb-forms-submit-message-hide\"><span>Votre demande est bien prise en compte. Votre lien ci-dessous :\n<blockquote class=\"wp-embedded-content\" data-secret=\"2AOJvc34a8\"><a href=\"https:\/\/centrazensudgrenoble.com\/index.php\/respiration-carree\/\">Respiration carr\u00e9e<\/a><\/blockquote><iframe loading=\"lazy\" class=\"wp-embedded-content\" sandbox=\"allow-scripts\" security=\"restricted\" style=\"position: absolute; visibility: hidden;\" title=\"\u00ab\u00a0Respiration carr\u00e9e\u00a0\u00bb &#8212; Centrazen\" src=\"https:\/\/centrazensudgrenoble.com\/index.php\/respiration-carree\/embed\/#?secret=3ktp4UNUBt#?secret=2AOJvc34a8\" data-secret=\"2AOJvc34a8\" width=\"500\" height=\"282\" frameborder=\"0\" marginwidth=\"0\" marginheight=\"0\" scrolling=\"no\"><\/iframe>\n\nCe lien fonctionne sur l&#8217;ordinateur. Sur mobile, veillez \u00e0 glisser la page vers la droite pour acc\u00e9der aux param\u00e8tres.<\/span><\/div><div class=\"uagb-forms-failed-message-022709c9 uagb-forms-submit-message-hide\"><span>Une erreur s&#8217;est produite lors de l&#8217;envoi du formulaire. Veuillez v\u00e9rifier \u00e0 nouveau tous les champs<\/span><\/div><\/div>\n\n\n\n<p><\/p>\n","protected":false},"excerpt":{"rendered":"","protected":false},"author":1,"featured_media":0,"parent":0,"menu_order":0,"comment_status":"closed","ping_status":"closed","template":"","meta":{"_uag_custom_page_level_css":"","_swt_meta_header_display":false,"_swt_meta_footer_display":false,"_swt_meta_site_title_display":false,"_swt_meta_sticky_header":false,"_swt_meta_transparent_header":false,"footnotes":""},"class_list":["post-1614","page","type-page","status-publish","hentry"],"uagb_featured_image_src":{"full":false,"thumbnail":false,"medium":false,"medium_large":false,"large":false,"1536x1536":false,"2048x2048":false,"woocommerce_thumbnail":false,"woocommerce_single":false,"woocommerce_gallery_thumbnail":false},"uagb_author_info":{"display_name":"admin9646","author_link":"https:\/\/centrazensudgrenoble.com\/index.php\/author\/admin9646\/"},"uagb_comment_info":0,"uagb_excerpt":null,"_links":{"self":[{"href":"https:\/\/centrazensudgrenoble.com\/index.php\/wp-json\/wp\/v2\/pages\/1614","targetHints":{"allow":["GET"]}}],"collection":[{"href":"https:\/\/centrazensudgrenoble.com\/index.php\/wp-json\/wp\/v2\/pages"}],"about":[{"href":"https:\/\/centrazensudgrenoble.com\/index.php\/wp-json\/wp\/v2\/types\/page"}],"author":[{"embeddable":true,"href":"https:\/\/centrazensudgrenoble.com\/index.php\/wp-json\/wp\/v2\/users\/1"}],"replies":[{"embeddable":true,"href":"https:\/\/centrazensudgrenoble.com\/index.php\/wp-json\/wp\/v2\/comments?post=1614"}],"version-history":[{"count":3,"href":"https:\/\/centrazensudgrenoble.com\/index.php\/wp-json\/wp\/v2\/pages\/1614\/revisions"}],"predecessor-version":[{"id":1697,"href":"https:\/\/centrazensudgrenoble.com\/index.php\/wp-json\/wp\/v2\/pages\/1614\/revisions\/1697"}],"wp:attachment":[{"href":"https:\/\/centrazensudgrenoble.com\/index.php\/wp-json\/wp\/v2\/media?parent=1614"}],"curies":[{"name":"wp","href":"https:\/\/api.w.org\/{rel}","templated":true}]}}